
{"id":186,"date":"2014-07-14T12:55:29","date_gmt":"2014-07-14T12:55:29","guid":{"rendered":"http:\/\/hotel-mirni-kutak.hr\/?page_id=186"},"modified":"2014-09-03T13:13:28","modified_gmt":"2014-09-03T11:13:28","slug":"memorijalni-centar-nikola-tesla","status":"publish","type":"page","link":"https:\/\/hotel-mirni-kutak.hr\/it\/escursione\/memorial-nikola-tesla\/","title":{"rendered":"Memorial \u201eNikola Tesla\u201c"},"content":{"rendered":"<p><\/p>\n<h4><img loading=\"lazy\" decoding=\"async\" class=\"alignleft wp-image-187 size-full\" src=\"http:\/\/hotel-mirni-kutak.hr\/wp-content\/uploads\/2014\/07\/Nikola_Tesla-300x225.jpg\" alt=\"Nikola_Tesla-300x225\" width=\"300\" height=\"225\" \/><\/h4>\n<h4><strong>Memorijalni centar je zami\u0161ljen da objedinjuje vi\u0161e disciplina:<\/strong><\/h4>\n<p>znanost, umjetnost, turizam te okuplja razne tipove korisnika: djeca pred\u0161kolskog uzrasta, \u0161kolska djeca, studenti, umirovljenici, turisti, lokalno stanovni\u0161tvo, Teslini fanovi, medijski umjetnici itd.<\/p>\n<p>Koncept Memorijalnog centra je koegzistiranje raznih sadr\u017eaja \u2013 od prije postoje\u0107ih Rodna ku\u0107a i pripadaju\u0107i gospodarski objekt, Crkva sv. apostola Petra i Pavla, groblje, kameni spomenici i klupe arhitekta Zdenka Kolacija do novoizgra\u0111enih sadr\u017eaja \u2013 trijem, parkirali\u0161te, pje\u0161a\u010dke staze, spomenik kipara Mile Bla\u017eevi\u0107a, auditorij,\u00a0prototipovi u mjerilu 1:1.<\/p>\n<p>Teslina ispitna stanica iz Colorado Springs-a, Teslina turbina, Teslin brod na daljinsko upravljanje, zatim most \/ platforma, multimedijalni centar, HI-TEC dje\u010dje igrali\u0161te, ambijentalna rasvjeta te njegovo nadogra\u0111ivanje i \u0161irenje.<\/p>\n<p>Nadamo se da smo kroz ovaj kratki pregled prirodnih ljepota bar malo do\u010darali i opravdali Va\u0161e \u017eelje i potrebe.. Nadamo se Va\u0161em dolasku koji \u0107e dodatno popratiti ljepotu Gacke doline i njene okolice..\u00a0Dobro nam do\u0161li !!!<\/p>","protected":false},"excerpt":{"rendered":"<p>Memorijalni centar je zami\u0161ljen da objedinjuje vi\u0161e disciplina: znanost, umjetnost, turizam te okuplja razne tipove korisnika: djeca pred\u0161kolskog uzrasta, \u0161kolska djeca, studenti, umirovljenici, turisti, lokalno stanovni\u0161tvo, Teslini fanovi, medijski umjetnici [&hellip;]<\/p>\n","protected":false},"author":1001008,"featured_media":0,"parent":10,"menu_order":0,"comment_status":"open","ping_status":"open","template":"","meta":{"footnotes":""},"class_list":["post-186","page","type-page","status-publish","hentry"],"_links":{"self":[{"href":"https:\/\/hotel-mirni-kutak.hr\/it\/wp-json\/wp\/v2\/pages\/186","targetHints":{"allow":["GET"]}}],"collection":[{"href":"https:\/\/hotel-mirni-kutak.hr\/it\/wp-json\/wp\/v2\/pages"}],"about":[{"href":"https:\/\/hotel-mirni-kutak.hr\/it\/wp-json\/wp\/v2\/types\/page"}],"author":[{"embeddable":true,"href":"https:\/\/hotel-mirni-kutak.hr\/it\/wp-json\/wp\/v2\/users\/1001008"}],"replies":[{"embeddable":true,"href":"https:\/\/hotel-mirni-kutak.hr\/it\/wp-json\/wp\/v2\/comments?post=186"}],"version-history":[{"count":5,"href":"https:\/\/hotel-mirni-kutak.hr\/it\/wp-json\/wp\/v2\/pages\/186\/revisions"}],"predecessor-version":[{"id":411,"href":"https:\/\/hotel-mirni-kutak.hr\/it\/wp-json\/wp\/v2\/pages\/186\/revisions\/411"}],"up":[{"embeddable":true,"href":"https:\/\/hotel-mirni-kutak.hr\/it\/wp-json\/wp\/v2\/pages\/10"}],"wp:attachment":[{"href":"https:\/\/hotel-mirni-kutak.hr\/it\/wp-json\/wp\/v2\/media?parent=186"}],"curies":[{"name":"wp","href":"https:\/\/api.w.org\/{rel}","templated":true}]}}