
{"id":182,"date":"2014-07-14T12:51:56","date_gmt":"2014-07-14T12:51:56","guid":{"rendered":"http:\/\/hotel-mirni-kutak.hr\/?page_id=182"},"modified":"2014-09-03T13:22:12","modified_gmt":"2014-09-03T11:22:12","slug":"muzej-gacke-otocac","status":"publish","type":"page","link":"https:\/\/hotel-mirni-kutak.hr\/it\/escursione\/museo-gacka\/","title":{"rendered":"Museo Gacka Otocac"},"content":{"rendered":"<p><img loading=\"lazy\" decoding=\"async\" class=\"alignleft wp-image-183 size-full\" src=\"http:\/\/hotel-mirni-kutak.hr\/wp-content\/uploads\/2014\/07\/Muzej_Gacke-300x225.jpg\" alt=\"Muzej_Gacke-300x225\" width=\"300\" height=\"225\" \/>Muzej Gacke\u00a0Oto\u010dac je\u00a0zavi\u010dajni muzej\u00a0smje\u0161ten u samom centru grada koji ima bogatu povijesnu i kulturnu tradiciju.\u00a0Kroz zbirku mogu se pratiti doga\u0111anja na prostoru Gacke od daleke prapovijesti, dolaska Rimljana, nastanka i prvih spominjanja grada, borbi s Turcima, Vojne krajine, I. i II. sv. rata, te do razdoblja gospodarskog i kulturnog razvitka grada i stradanja u Domovinskom ratu 1991. godine.<\/p>\n<p>Arheolo\u0161kom \/Japodskom\/ zbirkom\u00a0predstavljen je kroz predmete materijalne kulture \/ nakit, oru\u017eje, oru\u0111e, posu\u0111e\/ \u017eivot i rad ilirskog plemena Japoda od sredine kasnog bron\u010danog doba, tj. 10. st. prije Krista pa sve do dolaska Rimljana krajem 1. st. prije Krista.<\/p>\n<p>Etnografska zbirka\u00a0ocrtava tradicijski \u017eivot i kulturu Gacke u posljednjih stotinjak godina kroz izlo\u017eene predmete tradicijske kulture karakteristi\u010dne za ovo podru\u010dje \/ alatke za izradu tekstilnih proizvoda, proizvoda od gline\/ te mu\u0161ku i \u017eensku narodnu no\u0161nju.<\/p>\n<p>U\u00a0zbirci iz\u00a0Domovinskog rata\u00a0izlo\u017eeno je lako i te\u0161ko naoru\u017eanje kori\u0161teno u ratu, ostaci granata, avionskih bombi, zrna raznih kalibara i dr., te kronologija ratnih zbivanja uz fotografije o\u0161te\u0107enih objekata i zgrada\u2026<\/p>","protected":false},"excerpt":{"rendered":"<p>Muzej Gacke\u00a0Oto\u010dac je\u00a0zavi\u010dajni muzej\u00a0smje\u0161ten u samom centru grada koji ima bogatu povijesnu i kulturnu tradiciju.\u00a0Kroz zbirku mogu se pratiti doga\u0111anja na prostoru Gacke od daleke prapovijesti, dolaska Rimljana, nastanka i [&hellip;]<\/p>\n","protected":false},"author":1001008,"featured_media":0,"parent":10,"menu_order":0,"comment_status":"open","ping_status":"open","template":"","meta":{"footnotes":""},"class_list":["post-182","page","type-page","status-publish","hentry"],"_links":{"self":[{"href":"https:\/\/hotel-mirni-kutak.hr\/it\/wp-json\/wp\/v2\/pages\/182","targetHints":{"allow":["GET"]}}],"collection":[{"href":"https:\/\/hotel-mirni-kutak.hr\/it\/wp-json\/wp\/v2\/pages"}],"about":[{"href":"https:\/\/hotel-mirni-kutak.hr\/it\/wp-json\/wp\/v2\/types\/page"}],"author":[{"embeddable":true,"href":"https:\/\/hotel-mirni-kutak.hr\/it\/wp-json\/wp\/v2\/users\/1001008"}],"replies":[{"embeddable":true,"href":"https:\/\/hotel-mirni-kutak.hr\/it\/wp-json\/wp\/v2\/comments?post=182"}],"version-history":[{"count":4,"href":"https:\/\/hotel-mirni-kutak.hr\/it\/wp-json\/wp\/v2\/pages\/182\/revisions"}],"predecessor-version":[{"id":413,"href":"https:\/\/hotel-mirni-kutak.hr\/it\/wp-json\/wp\/v2\/pages\/182\/revisions\/413"}],"up":[{"embeddable":true,"href":"https:\/\/hotel-mirni-kutak.hr\/it\/wp-json\/wp\/v2\/pages\/10"}],"wp:attachment":[{"href":"https:\/\/hotel-mirni-kutak.hr\/it\/wp-json\/wp\/v2\/media?parent=182"}],"curies":[{"name":"wp","href":"https:\/\/api.w.org\/{rel}","templated":true}]}}