
{"id":12,"date":"2014-07-11T07:34:49","date_gmt":"2014-07-11T07:34:49","guid":{"rendered":"http:\/\/hotel-mirni-kutak.hr\/?page_id=12"},"modified":"2015-04-06T16:29:17","modified_gmt":"2015-04-06T14:29:17","slug":"fly-fishing-gacka","status":"publish","type":"page","link":"https:\/\/hotel-mirni-kutak.hr\/it\/pesca-uno-mosca-gacka\/","title":{"rendered":"Pesca uno Mosca Gacka"},"content":{"rendered":"<p><img loading=\"lazy\" decoding=\"async\" class=\"alignleft wp-image-234\" src=\"http:\/\/hotel-mirni-kutak.hr\/wp-content\/uploads\/2014\/07\/313901_2233524471947_1062983252_32229458_296279501_n-300x225.jpg\" alt=\"313901_2233524471947_1062983252_32229458_296279501_n\" width=\"269\" height=\"202\" srcset=\"https:\/\/hotel-mirni-kutak.hr\/wp-content\/uploads\/2014\/07\/313901_2233524471947_1062983252_32229458_296279501_n-300x225.jpg 300w, https:\/\/hotel-mirni-kutak.hr\/wp-content\/uploads\/2014\/07\/313901_2233524471947_1062983252_32229458_296279501_n-640x480.jpg 640w, https:\/\/hotel-mirni-kutak.hr\/wp-content\/uploads\/2014\/07\/313901_2233524471947_1062983252_32229458_296279501_n.jpg 960w\" sizes=\"auto, (max-width: 269px) 100vw, 269px\" \/><\/p>\n<h4><\/h4>\n<h4><strong>Gacka fiume patria grosse trote<\/strong><\/h4>\n<p>Gacka River \u00e8 uno dei pi\u00f9 belli e pi\u00f9 famoso fiume sotterraneo in Croazia e uno dei tre pi\u00f9 famose acque croate del mondo, si eleva inaspettatamente in silenzio dietro le colline torreggianti, ha un flusso naturale di fonte di Tonkovi\u0107, situato all&#8217;ingresso della anfiteatro di colline nell&#8217;estremo sud della valle di Gacka.<\/p>\n<p>Trota fario, in crescita di cinque volte pi\u00f9 velocemente che in altri fiumi della zona carsica.<\/p>\n<h4 style=\"text-align: center;\"><strong>Zone di pesca<\/strong><br \/>\n<strong>A \/ pesca di mosca, B \/ Spin e C \/ pesca della carpa<\/strong><\/h4>\n<p>A \/ Dalla sorgente del fiume \u00a0Gacka al ponte Stani\u0161i\u0107 (il quinto ponte di cemento) pesca \u00e8 permesso solo con mosca. Nella zona della chiesa di Sveti Franjo (San Francesco) al terzo ponte di cemento (Ton\u010din ponte) \u00e8 autorizzata la pesca al principio di \u201ccatch and release\u201d (cattura e rilascio); tutti i pesci catturati devono essere rilasciati nel fiume.<\/p>\n<p>B \/ Dal ponte\u00a0 Stani\u0161i\u0107 (il quinto ponte di cemento) secondo la corrente \u00e8 permessa la pesca a mosca a con tutte le esche artificialia valle con una mosca artificiale e tutte le altre esche artificiali.<\/p>\n<p>C\/Nei laghi \u0160vi\u010dko e Gusi\u0107 la pesca\u00a0\u00e8 permessa rispettando le regole imposte dalla legge.<\/p>\n<h4 style=\"text-align: center;\"><\/h4>\n<h4 style=\"text-align: center;\"><strong>Caccia piccola e grande gioco<\/strong><\/h4>\n<p>Su quasi mezzo milione di ettari di rerreni carsici si estende una zona ideale per gli amanti della caccia di selvaggina, \u00a0in cui i cacciatori si possono godare la natura e avventure di caccia irripetibili.<\/p>\n<p><b>\u201e LUBUDOVA \u0160UMA \u201c \u2013 prendere garantito<\/b><\/p>\n<p>\u25aa Gioco commerciale<br \/>\n\u25aa Trofeo gioco<br \/>\nPermesso di caccia tutto l&#8217;anno, uno scatto di circa \u20ac 200,00 pi\u00f9 prendere per categoria<br \/>\nGioco: cervo, capriolo, daino, cinghiale, cinghiale, coniglio<\/p>\n<p><b>LOVA\u010cKA DRU\u0160TVA OTO\u010cAC \u2013 <\/b>cattura non garantiti<\/p>\n<p>La caccia \u00e8 organizzata per calendario venatorio. Preavviso richiesto per richiedere un particolare gioco<\/p>\n<p>Raging: &#8211; Orso, lupo, volpe, tasso, la lepre, il gatto selvatico, la lince, ghiro, la donnola<br \/>\n&#8211; Cervo, cervi, daini, mufloni; &#8211; Cinghiale, Cinghiale, Lepre;\u00a0Uccelli: &#8211; Partridge, quaglia, fagiano, gazza, falco<\/p>\n<p><a href=\"https:\/\/www.facebook.com\/pages\/Gacka-fly-fishing\/380303506179\" target=\"_blank\">Pesca uno Mosca Gacka<\/a><\/p>\n<p>\n\t\t<style type=\"text\/css\">\n\t\t\t#gallery-4 {\n\t\t\t\tmargin: auto;\n\t\t\t}\n\t\t\t#gallery-4 .gallery-item {\n\t\t\t\tfloat: left;\n\t\t\t\tmargin-top: 10px;\n\t\t\t\ttext-align: center;\n\t\t\t\twidth: 25%;\n\t\t\t}\n\t\t\t#gallery-4 img {\n\t\t\t\tborder: 2px solid #cfcfcf;\n\t\t\t}\n\t\t\t#gallery-4 .gallery-caption {\n\t\t\t\tmargin-left: 0;\n\t\t\t}\n\t\t\t\/* see gallery_shortcode() in wp-includes\/media.php *\/\n\t\t<\/style>\n\t\t<div id='gallery-4' class='gallery galleryid-12 gallery-columns-4 gallery-size-thumbnail'><dl class='gallery-item'>\n\t\t\t<dt class='gallery-icon landscape'>\n\t\t\t\t<a href='https:\/\/hotel-mirni-kutak.hr\/wp-content\/uploads\/2014\/07\/HRVOJE-SLIKE-2015-041.jpeg' title=\"\" data-rl_title=\"\" class=\"rl-gallery-link\" data-rl_caption=\"\" data-rel=\"gallery-1-gallery-4\"><img loading=\"lazy\" decoding=\"async\" width=\"150\" height=\"150\" src=\"https:\/\/hotel-mirni-kutak.hr\/wp-content\/uploads\/2014\/07\/HRVOJE-SLIKE-2015-041-150x150.jpeg\" class=\"attachment-thumbnail size-thumbnail\" alt=\"\" aria-describedby=\"gallery-4-508\" \/><\/a>\n\t\t\t<\/dt>\n\t\t\t\t<dd class='wp-caption-text gallery-caption' id='gallery-4-508'>\n\t\t\t\tFly fisherman Hrvoje Markovi\u0107\n\t\t\t\t<\/dd><\/dl><dl class='gallery-item'>\n\t\t\t<dt class='gallery-icon landscape'>\n\t\t\t\t<a href='https:\/\/hotel-mirni-kutak.hr\/wp-content\/uploads\/2014\/07\/73278_484886661179_380303506179_6680184_5368933_n-e1326370928477.jpg' title=\"\" data-rl_title=\"\" class=\"rl-gallery-link\" data-rl_caption=\"\" data-rel=\"gallery-1-gallery-4\"><img loading=\"lazy\" decoding=\"async\" width=\"150\" height=\"150\" src=\"https:\/\/hotel-mirni-kutak.hr\/wp-content\/uploads\/2014\/07\/73278_484886661179_380303506179_6680184_5368933_n-e1326370928477-150x150.jpg\" class=\"attachment-thumbnail size-thumbnail\" alt=\"\" aria-describedby=\"gallery-4-337\" \/><\/a>\n\t\t\t<\/dt>\n\t\t\t\t<dd class='wp-caption-text gallery-caption' id='gallery-4-337'>\n\t\t\t\tMu\u0161ice &#8211; Fly &#8211; Moscerino &#8211; Midge\n\t\t\t\t<\/dd><\/dl><dl class='gallery-item'>\n\t\t\t<dt class='gallery-icon portrait'>\n\t\t\t\t<a href='https:\/\/hotel-mirni-kutak.hr\/wp-content\/uploads\/2014\/07\/HRVOJE-SLIKE-2015-092.jpg' title=\"\" data-rl_title=\"\" class=\"rl-gallery-link\" data-rl_caption=\"\" data-rel=\"gallery-1-gallery-4\"><img loading=\"lazy\" decoding=\"async\" width=\"150\" height=\"150\" src=\"https:\/\/hotel-mirni-kutak.hr\/wp-content\/uploads\/2014\/07\/HRVOJE-SLIKE-2015-092-150x150.jpg\" class=\"attachment-thumbnail size-thumbnail\" alt=\"\" aria-describedby=\"gallery-4-515\" \/><\/a>\n\t\t\t<\/dt>\n\t\t\t\t<dd class='wp-caption-text gallery-caption' id='gallery-4-515'>\n\t\t\t\tGacka\n\t\t\t\t<\/dd><\/dl><dl class='gallery-item'>\n\t\t\t<dt class='gallery-icon portrait'>\n\t\t\t\t<a href='https:\/\/hotel-mirni-kutak.hr\/wp-content\/uploads\/2014\/07\/HRVOJE-SLIKE-2015-091.jpg' title=\"\" data-rl_title=\"\" class=\"rl-gallery-link\" data-rl_caption=\"\" data-rel=\"gallery-1-gallery-4\"><img loading=\"lazy\" decoding=\"async\" width=\"150\" height=\"150\" src=\"https:\/\/hotel-mirni-kutak.hr\/wp-content\/uploads\/2014\/07\/HRVOJE-SLIKE-2015-091-150x150.jpg\" class=\"attachment-thumbnail size-thumbnail\" alt=\"\" aria-describedby=\"gallery-4-514\" \/><\/a>\n\t\t\t<\/dt>\n\t\t\t\t<dd class='wp-caption-text gallery-caption' id='gallery-4-514'>\n\t\t\t\tGacka\n\t\t\t\t<\/dd><\/dl><br style=\"clear: both\" \/><dl class='gallery-item'>\n\t\t\t<dt class='gallery-icon landscape'>\n\t\t\t\t<a href='https:\/\/hotel-mirni-kutak.hr\/wp-content\/uploads\/2014\/07\/778639_398062456954165_201267366_o.jpg' title=\"\" data-rl_title=\"\" class=\"rl-gallery-link\" data-rl_caption=\"\" data-rel=\"gallery-1-gallery-4\"><img loading=\"lazy\" decoding=\"async\" width=\"150\" height=\"150\" src=\"https:\/\/hotel-mirni-kutak.hr\/wp-content\/uploads\/2014\/07\/778639_398062456954165_201267366_o-150x150.jpg\" class=\"attachment-thumbnail size-thumbnail\" alt=\"\" aria-describedby=\"gallery-4-504\" \/><\/a>\n\t\t\t<\/dt>\n\t\t\t\t<dd class='wp-caption-text gallery-caption' id='gallery-4-504'>\n\t\t\t\tGacka\n\t\t\t\t<\/dd><\/dl><dl class='gallery-item'>\n\t\t\t<dt class='gallery-icon landscape'>\n\t\t\t\t<a href='https:\/\/hotel-mirni-kutak.hr\/wp-content\/uploads\/2014\/07\/HRVOJE-SLIKE-2015-046.jpg' title=\"\" data-rl_title=\"\" class=\"rl-gallery-link\" data-rl_caption=\"\" data-rel=\"gallery-1-gallery-4\"><img loading=\"lazy\" decoding=\"async\" width=\"150\" height=\"150\" src=\"https:\/\/hotel-mirni-kutak.hr\/wp-content\/uploads\/2014\/07\/HRVOJE-SLIKE-2015-046-150x150.jpg\" class=\"attachment-thumbnail size-thumbnail\" alt=\"\" aria-describedby=\"gallery-4-510\" \/><\/a>\n\t\t\t<\/dt>\n\t\t\t\t<dd class='wp-caption-text gallery-caption' id='gallery-4-510'>\n\t\t\t\tGacka\n\t\t\t\t<\/dd><\/dl><dl class='gallery-item'>\n\t\t\t<dt class='gallery-icon portrait'>\n\t\t\t\t<a href='https:\/\/hotel-mirni-kutak.hr\/wp-content\/uploads\/2014\/07\/62864_470994121179_380303506179_6433675_3041644_n-e1326369506648.jpg' title=\"\" data-rl_title=\"\" class=\"rl-gallery-link\" data-rl_caption=\"\" data-rel=\"gallery-1-gallery-4\"><img loading=\"lazy\" decoding=\"async\" width=\"150\" height=\"150\" src=\"https:\/\/hotel-mirni-kutak.hr\/wp-content\/uploads\/2014\/07\/62864_470994121179_380303506179_6433675_3041644_n-e1326369506648-150x150.jpg\" class=\"attachment-thumbnail size-thumbnail\" alt=\"\" aria-describedby=\"gallery-4-336\" \/><\/a>\n\t\t\t<\/dt>\n\t\t\t\t<dd class='wp-caption-text gallery-caption' id='gallery-4-336'>\n\t\t\t\tGacka\n\t\t\t\t<\/dd><\/dl><dl class='gallery-item'>\n\t\t\t<dt class='gallery-icon landscape'>\n\t\t\t\t<a href='https:\/\/hotel-mirni-kutak.hr\/wp-content\/uploads\/2014\/07\/HRVOJE-SLIKE-2015-049.jpg' title=\"\" data-rl_title=\"\" class=\"rl-gallery-link\" data-rl_caption=\"\" data-rel=\"gallery-1-gallery-4\"><img loading=\"lazy\" decoding=\"async\" width=\"150\" height=\"150\" src=\"https:\/\/hotel-mirni-kutak.hr\/wp-content\/uploads\/2014\/07\/HRVOJE-SLIKE-2015-049-150x150.jpg\" class=\"attachment-thumbnail size-thumbnail\" alt=\"\" aria-describedby=\"gallery-4-513\" \/><\/a>\n\t\t\t<\/dt>\n\t\t\t\t<dd class='wp-caption-text gallery-caption' id='gallery-4-513'>\n\t\t\t\tGacka dolina &#8211; Gacka valley \n\t\t\t\t<\/dd><\/dl><br style=\"clear: both\" \/><dl class='gallery-item'>\n\t\t\t<dt class='gallery-icon landscape'>\n\t\t\t\t<a href='https:\/\/hotel-mirni-kutak.hr\/wp-content\/uploads\/2014\/07\/HRVOJE-SLIKE-2015-128.jpg' title=\"\" data-rl_title=\"\" class=\"rl-gallery-link\" data-rl_caption=\"\" data-rel=\"gallery-1-gallery-4\"><img loading=\"lazy\" decoding=\"async\" width=\"150\" height=\"150\" src=\"https:\/\/hotel-mirni-kutak.hr\/wp-content\/uploads\/2014\/07\/HRVOJE-SLIKE-2015-128-150x150.jpg\" class=\"attachment-thumbnail size-thumbnail\" alt=\"\" aria-describedby=\"gallery-4-518\" \/><\/a>\n\t\t\t<\/dt>\n\t\t\t\t<dd class='wp-caption-text gallery-caption' id='gallery-4-518'>\n\t\t\t\tGacka\n\t\t\t\t<\/dd><\/dl><dl class='gallery-item'>\n\t\t\t<dt class='gallery-icon landscape'>\n\t\t\t\t<a href='https:\/\/hotel-mirni-kutak.hr\/wp-content\/uploads\/2014\/07\/HRVOJE-SLIKE-2015-031.jpg' title=\"\" data-rl_title=\"\" class=\"rl-gallery-link\" data-rl_caption=\"\" data-rel=\"gallery-1-gallery-4\"><img loading=\"lazy\" decoding=\"async\" width=\"150\" height=\"150\" src=\"https:\/\/hotel-mirni-kutak.hr\/wp-content\/uploads\/2014\/07\/HRVOJE-SLIKE-2015-031-150x150.jpg\" class=\"attachment-thumbnail size-thumbnail\" alt=\"\" aria-describedby=\"gallery-4-505\" \/><\/a>\n\t\t\t<\/dt>\n\t\t\t\t<dd class='wp-caption-text gallery-caption' id='gallery-4-505'>\n\t\t\t\tGacka\n\t\t\t\t<\/dd><\/dl><dl class='gallery-item'>\n\t\t\t<dt class='gallery-icon landscape'>\n\t\t\t\t<a href='https:\/\/hotel-mirni-kutak.hr\/wp-content\/uploads\/2014\/07\/665514_347644718662606_1643043861_o.jpg' title=\"\" data-rl_title=\"\" class=\"rl-gallery-link\" data-rl_caption=\"\" data-rel=\"gallery-1-gallery-4\"><img loading=\"lazy\" decoding=\"async\" width=\"150\" height=\"150\" src=\"https:\/\/hotel-mirni-kutak.hr\/wp-content\/uploads\/2014\/07\/665514_347644718662606_1643043861_o-150x150.jpg\" class=\"attachment-thumbnail size-thumbnail\" alt=\"\" aria-describedby=\"gallery-4-502\" \/><\/a>\n\t\t\t<\/dt>\n\t\t\t\t<dd class='wp-caption-text gallery-caption' id='gallery-4-502'>\n\t\t\t\tGacka\n\t\t\t\t<\/dd><\/dl><dl class='gallery-item'>\n\t\t\t<dt class='gallery-icon landscape'>\n\t\t\t\t<a href='https:\/\/hotel-mirni-kutak.hr\/wp-content\/uploads\/2014\/07\/HRVOJE-SLIKE-2015-125.jpg' title=\"\" data-rl_title=\"\" class=\"rl-gallery-link\" data-rl_caption=\"\" data-rel=\"gallery-1-gallery-4\"><img loading=\"lazy\" decoding=\"async\" width=\"150\" height=\"150\" src=\"https:\/\/hotel-mirni-kutak.hr\/wp-content\/uploads\/2014\/07\/HRVOJE-SLIKE-2015-125-150x150.jpg\" class=\"attachment-thumbnail size-thumbnail\" alt=\"\" aria-describedby=\"gallery-4-516\" \/><\/a>\n\t\t\t<\/dt>\n\t\t\t\t<dd class='wp-caption-text gallery-caption' id='gallery-4-516'>\n\t\t\t\tGacka\n\t\t\t\t<\/dd><\/dl><br style=\"clear: both\" \/><dl class='gallery-item'>\n\t\t\t<dt class='gallery-icon landscape'>\n\t\t\t\t<a href='https:\/\/hotel-mirni-kutak.hr\/wp-content\/uploads\/2014\/07\/pastrva.jpg' title=\"\" data-rl_title=\"\" class=\"rl-gallery-link\" data-rl_caption=\"\" data-rel=\"gallery-1-gallery-4\"><img loading=\"lazy\" decoding=\"async\" width=\"150\" height=\"150\" src=\"https:\/\/hotel-mirni-kutak.hr\/wp-content\/uploads\/2014\/07\/pastrva-150x150.jpg\" class=\"attachment-thumbnail size-thumbnail\" alt=\"\" aria-describedby=\"gallery-4-236\" \/><\/a>\n\t\t\t<\/dt>\n\t\t\t\t<dd class='wp-caption-text gallery-caption' id='gallery-4-236'>\n\t\t\t\tPastrva &#8211; Trout &#8211; Trota &#8211; Forelle\n\t\t\t\t<\/dd><\/dl><dl class='gallery-item'>\n\t\t\t<dt class='gallery-icon landscape'>\n\t\t\t\t<a href='https:\/\/hotel-mirni-kutak.hr\/wp-content\/uploads\/2014\/07\/HRVOJE-SLIKE-2015-032.jpg' title=\"\" data-rl_title=\"\" class=\"rl-gallery-link\" data-rl_caption=\"\" data-rel=\"gallery-1-gallery-4\"><img loading=\"lazy\" decoding=\"async\" width=\"150\" height=\"150\" src=\"https:\/\/hotel-mirni-kutak.hr\/wp-content\/uploads\/2014\/07\/HRVOJE-SLIKE-2015-032-150x150.jpg\" class=\"attachment-thumbnail size-thumbnail\" alt=\"\" aria-describedby=\"gallery-4-506\" \/><\/a>\n\t\t\t<\/dt>\n\t\t\t\t<dd class='wp-caption-text gallery-caption' id='gallery-4-506'>\n\t\t\t\tGacka\n\t\t\t\t<\/dd><\/dl><dl class='gallery-item'>\n\t\t\t<dt class='gallery-icon landscape'>\n\t\t\t\t<a href='https:\/\/hotel-mirni-kutak.hr\/wp-content\/uploads\/2014\/07\/CIMG03101.jpg' title=\"\" data-rl_title=\"\" class=\"rl-gallery-link\" data-rl_caption=\"\" data-rel=\"gallery-1-gallery-4\"><img loading=\"lazy\" decoding=\"async\" width=\"150\" height=\"150\" src=\"https:\/\/hotel-mirni-kutak.hr\/wp-content\/uploads\/2014\/07\/CIMG03101-150x150.jpg\" class=\"attachment-thumbnail size-thumbnail\" alt=\"\" aria-describedby=\"gallery-4-240\" \/><\/a>\n\t\t\t<\/dt>\n\t\t\t\t<dd class='wp-caption-text gallery-caption' id='gallery-4-240'>\n\t\t\t\tGacka\n\t\t\t\t<\/dd><\/dl><dl class='gallery-item'>\n\t\t\t<dt class='gallery-icon landscape'>\n\t\t\t\t<a href='https:\/\/hotel-mirni-kutak.hr\/wp-content\/uploads\/2014\/07\/HRVOJE-SLIKE-2015-045.jpg' title=\"\" data-rl_title=\"\" class=\"rl-gallery-link\" data-rl_caption=\"\" data-rel=\"gallery-1-gallery-4\"><img loading=\"lazy\" decoding=\"async\" width=\"150\" height=\"150\" src=\"https:\/\/hotel-mirni-kutak.hr\/wp-content\/uploads\/2014\/07\/HRVOJE-SLIKE-2015-045-150x150.jpg\" class=\"attachment-thumbnail size-thumbnail\" alt=\"\" aria-describedby=\"gallery-4-509\" \/><\/a>\n\t\t\t<\/dt>\n\t\t\t\t<dd class='wp-caption-text gallery-caption' id='gallery-4-509'>\n\t\t\t\tGacka\n\t\t\t\t<\/dd><\/dl><br style=\"clear: both\" \/><dl class='gallery-item'>\n\t\t\t<dt class='gallery-icon landscape'>\n\t\t\t\t<a href='https:\/\/hotel-mirni-kutak.hr\/wp-content\/uploads\/2014\/07\/HRVOJE-SLIKE-2015-033.jpg' title=\"\" data-rl_title=\"\" class=\"rl-gallery-link\" data-rl_caption=\"\" data-rel=\"gallery-1-gallery-4\"><img loading=\"lazy\" decoding=\"async\" width=\"150\" height=\"150\" src=\"https:\/\/hotel-mirni-kutak.hr\/wp-content\/uploads\/2014\/07\/HRVOJE-SLIKE-2015-033-150x150.jpg\" class=\"attachment-thumbnail size-thumbnail\" alt=\"\" aria-describedby=\"gallery-4-507\" \/><\/a>\n\t\t\t<\/dt>\n\t\t\t\t<dd class='wp-caption-text gallery-caption' id='gallery-4-507'>\n\t\t\t\tGacka\n\t\t\t\t<\/dd><\/dl><dl class='gallery-item'>\n\t\t\t<dt class='gallery-icon landscape'>\n\t\t\t\t<a href='https:\/\/hotel-mirni-kutak.hr\/wp-content\/uploads\/2014\/07\/HRVOJE-SLIKE-2015-047.jpg' title=\"\" data-rl_title=\"\" class=\"rl-gallery-link\" data-rl_caption=\"\" data-rel=\"gallery-1-gallery-4\"><img loading=\"lazy\" decoding=\"async\" width=\"150\" height=\"150\" src=\"https:\/\/hotel-mirni-kutak.hr\/wp-content\/uploads\/2014\/07\/HRVOJE-SLIKE-2015-047-150x150.jpg\" class=\"attachment-thumbnail size-thumbnail\" alt=\"\" aria-describedby=\"gallery-4-511\" \/><\/a>\n\t\t\t<\/dt>\n\t\t\t\t<dd class='wp-caption-text gallery-caption' id='gallery-4-511'>\n\t\t\t\tGacka\n\t\t\t\t<\/dd><\/dl><dl class='gallery-item'>\n\t\t\t<dt class='gallery-icon landscape'>\n\t\t\t\t<a href='https:\/\/hotel-mirni-kutak.hr\/wp-content\/uploads\/2014\/07\/HRVOJE-SLIKE-2015-127.jpg' title=\"\" data-rl_title=\"\" class=\"rl-gallery-link\" data-rl_caption=\"\" data-rel=\"gallery-1-gallery-4\"><img loading=\"lazy\" decoding=\"async\" width=\"150\" height=\"150\" src=\"https:\/\/hotel-mirni-kutak.hr\/wp-content\/uploads\/2014\/07\/HRVOJE-SLIKE-2015-127-150x150.jpg\" class=\"attachment-thumbnail size-thumbnail\" alt=\"\" aria-describedby=\"gallery-4-517\" \/><\/a>\n\t\t\t<\/dt>\n\t\t\t\t<dd class='wp-caption-text gallery-caption' id='gallery-4-517'>\n\t\t\t\tGacka\n\t\t\t\t<\/dd><\/dl><dl class='gallery-item'>\n\t\t\t<dt class='gallery-icon landscape'>\n\t\t\t\t<a href='https:\/\/hotel-mirni-kutak.hr\/wp-content\/uploads\/2014\/07\/LOV-ITA.jpg' title=\"\" data-rl_title=\"\" class=\"rl-gallery-link\" data-rl_caption=\"\" data-rel=\"gallery-1-gallery-4\"><img loading=\"lazy\" decoding=\"async\" width=\"150\" height=\"150\" src=\"https:\/\/hotel-mirni-kutak.hr\/wp-content\/uploads\/2014\/07\/LOV-ITA-150x150.jpg\" class=\"attachment-thumbnail size-thumbnail\" alt=\"\" aria-describedby=\"gallery-4-338\" \/><\/a>\n\t\t\t<\/dt>\n\t\t\t\t<dd class='wp-caption-text gallery-caption' id='gallery-4-338'>\n\t\t\t\tLov &#8211; Hunt &#8211; Caccia &#8211; Jagd\n\t\t\t\t<\/dd><\/dl><br style=\"clear: both\" \/><dl class='gallery-item'>\n\t\t\t<dt class='gallery-icon landscape'>\n\t\t\t\t<a href='https:\/\/hotel-mirni-kutak.hr\/wp-content\/uploads\/2014\/07\/HRVOJE-SLIKE-2015-048.jpg' title=\"\" data-rl_title=\"\" class=\"rl-gallery-link\" data-rl_caption=\"\" data-rel=\"gallery-1-gallery-4\"><img loading=\"lazy\" decoding=\"async\" width=\"150\" height=\"150\" src=\"https:\/\/hotel-mirni-kutak.hr\/wp-content\/uploads\/2014\/07\/HRVOJE-SLIKE-2015-048-150x150.jpg\" class=\"attachment-thumbnail size-thumbnail\" alt=\"\" aria-describedby=\"gallery-4-512\" \/><\/a>\n\t\t\t<\/dt>\n\t\t\t\t<dd class='wp-caption-text gallery-caption' id='gallery-4-512'>\n\t\t\t\tGacka\n\t\t\t\t<\/dd><\/dl><dl class='gallery-item'>\n\t\t\t<dt class='gallery-icon landscape'>\n\t\t\t\t<a href='https:\/\/hotel-mirni-kutak.hr\/wp-content\/uploads\/2014\/07\/775186_390770067683404_235236720_o.jpg' title=\"\" data-rl_title=\"\" class=\"rl-gallery-link\" data-rl_caption=\"\" data-rel=\"gallery-1-gallery-4\"><img loading=\"lazy\" decoding=\"async\" width=\"150\" height=\"150\" src=\"https:\/\/hotel-mirni-kutak.hr\/wp-content\/uploads\/2014\/07\/775186_390770067683404_235236720_o-150x150.jpg\" class=\"attachment-thumbnail size-thumbnail\" alt=\"\" aria-describedby=\"gallery-4-503\" \/><\/a>\n\t\t\t<\/dt>\n\t\t\t\t<dd class='wp-caption-text gallery-caption' id='gallery-4-503'>\n\t\t\t\tGacka\n\t\t\t\t<\/dd><\/dl>\n\t\t\t<br style='clear: both' \/>\n\t\t<\/div>\n<\/p>","protected":false},"excerpt":{"rendered":"<p>Gacka fiume patria grosse trote Gacka River \u00e8 uno dei pi\u00f9 belli e pi\u00f9 famoso fiume sotterraneo in Croazia e uno dei tre pi\u00f9 famose acque croate del mondo, si [&hellip;]<\/p>\n","protected":false},"author":1001008,"featured_media":0,"parent":0,"menu_order":0,"comment_status":"open","ping_status":"open","template":"page-full.php","meta":{"footnotes":""},"class_list":["post-12","page","type-page","status-publish","hentry"],"_links":{"self":[{"href":"https:\/\/hotel-mirni-kutak.hr\/it\/wp-json\/wp\/v2\/pages\/12","targetHints":{"allow":["GET"]}}],"collection":[{"href":"https:\/\/hotel-mirni-kutak.hr\/it\/wp-json\/wp\/v2\/pages"}],"about":[{"href":"https:\/\/hotel-mirni-kutak.hr\/it\/wp-json\/wp\/v2\/types\/page"}],"author":[{"embeddable":true,"href":"https:\/\/hotel-mirni-kutak.hr\/it\/wp-json\/wp\/v2\/users\/1001008"}],"replies":[{"embeddable":true,"href":"https:\/\/hotel-mirni-kutak.hr\/it\/wp-json\/wp\/v2\/comments?post=12"}],"version-history":[{"count":45,"href":"https:\/\/hotel-mirni-kutak.hr\/it\/wp-json\/wp\/v2\/pages\/12\/revisions"}],"predecessor-version":[{"id":553,"href":"https:\/\/hotel-mirni-kutak.hr\/it\/wp-json\/wp\/v2\/pages\/12\/revisions\/553"}],"wp:attachment":[{"href":"https:\/\/hotel-mirni-kutak.hr\/it\/wp-json\/wp\/v2\/media?parent=12"}],"curies":[{"name":"wp","href":"https:\/\/api.w.org\/{rel}","templated":true}]}}