
{"id":164,"date":"2014-07-14T10:57:28","date_gmt":"2014-07-14T10:57:28","guid":{"rendered":"http:\/\/hotel-mirni-kutak.hr\/?page_id=164"},"modified":"2014-09-03T14:29:05","modified_gmt":"2014-09-03T12:29:05","slug":"pecinski-park-grabovac","status":"publish","type":"page","link":"https:\/\/hotel-mirni-kutak.hr\/en\/excursions\/grabovaca\/","title":{"rendered":"The caving park Grabovac"},"content":{"rendered":"<p><\/p>\n<h4 style=\"color: #808080;\"><strong style=\"color: #1c1c1c;\"><span style=\"color: #000000;\">The public institution for the management of geomorphological monuments of nature<\/span><\/strong><\/h4>\n<p style=\"color: #7f7f7f;\"><span style=\"color: #000000;\">During spring, summer and autman<\/span>\u00a0<span style=\"color: #000000;\">the visitors are taken on a tour of the cave Samograd by the guids from the Caving park Grabova\u010da.<\/span><\/p>\n<p style=\"color: #7f7f7f;\"><span style=\"color: #000000;\">The region contains rare and endangered types of habitat with numerous protected and\/or endangered spesies of plant and animal life, the area is important\u00a0 to birds and thearea of cultural and hictorical values.<\/span><\/p>\n<p>\n\t\t<style type=\"text\/css\">\n\t\t\t#gallery-2 {\n\t\t\t\tmargin: auto;\n\t\t\t}\n\t\t\t#gallery-2 .gallery-item {\n\t\t\t\tfloat: left;\n\t\t\t\tmargin-top: 10px;\n\t\t\t\ttext-align: center;\n\t\t\t\twidth: 33%;\n\t\t\t}\n\t\t\t#gallery-2 img {\n\t\t\t\tborder: 2px solid #cfcfcf;\n\t\t\t}\n\t\t\t#gallery-2 .gallery-caption {\n\t\t\t\tmargin-left: 0;\n\t\t\t}\n\t\t\t\/* see gallery_shortcode() in wp-includes\/media.php *\/\n\t\t<\/style>\n\t\t<div id='gallery-2' class='gallery galleryid-164 gallery-columns-3 gallery-size-thumbnail'><dl class='gallery-item'>\n\t\t\t<dt class='gallery-icon landscape'>\n\t\t\t\t<a href='https:\/\/hotel-mirni-kutak.hr\/wp-content\/uploads\/2014\/07\/Pe\u0107inski-park-Grabova\u010da-Peru\u0161i\u0107-kraj-Oto\u010dca.jpg' title=\"\" data-rl_title=\"\" class=\"rl-gallery-link\" data-rl_caption=\"\" data-rel=\"gallery-1-gallery-2\"><img loading=\"lazy\" decoding=\"async\" width=\"150\" height=\"150\" src=\"https:\/\/hotel-mirni-kutak.hr\/wp-content\/uploads\/2014\/07\/Pe\u0107inski-park-Grabova\u010da-Peru\u0161i\u0107-kraj-Oto\u010dca-150x150.jpg\" class=\"attachment-thumbnail size-thumbnail\" alt=\"\" \/><\/a>\n\t\t\t<\/dt><\/dl><dl class='gallery-item'>\n\t\t\t<dt class='gallery-icon landscape'>\n\t\t\t\t<a href='https:\/\/hotel-mirni-kutak.hr\/wp-content\/uploads\/2014\/07\/PP-GRABOVA\u010cA-ENG.jpg' title=\"\" data-rl_title=\"\" class=\"rl-gallery-link\" data-rl_caption=\"\" data-rel=\"gallery-1-gallery-2\"><img loading=\"lazy\" decoding=\"async\" width=\"150\" height=\"150\" src=\"https:\/\/hotel-mirni-kutak.hr\/wp-content\/uploads\/2014\/07\/PP-GRABOVA\u010cA-ENG-150x150.jpg\" class=\"attachment-thumbnail size-thumbnail\" alt=\"\" \/><\/a>\n\t\t\t<\/dt><\/dl>\n\t\t\t<br style='clear: both' \/>\n\t\t<\/div>\n<\/p>","protected":false},"excerpt":{"rendered":"<p>The public institution for the management of geomorphological monuments of nature During spring, summer and autman\u00a0the visitors are taken on a tour of the cave Samograd by the guids from [&hellip;]<\/p>\n","protected":false},"author":1001008,"featured_media":0,"parent":10,"menu_order":0,"comment_status":"open","ping_status":"open","template":"","meta":{"footnotes":""},"class_list":["post-164","page","type-page","status-publish","hentry"],"_links":{"self":[{"href":"https:\/\/hotel-mirni-kutak.hr\/en\/wp-json\/wp\/v2\/pages\/164","targetHints":{"allow":["GET"]}}],"collection":[{"href":"https:\/\/hotel-mirni-kutak.hr\/en\/wp-json\/wp\/v2\/pages"}],"about":[{"href":"https:\/\/hotel-mirni-kutak.hr\/en\/wp-json\/wp\/v2\/types\/page"}],"author":[{"embeddable":true,"href":"https:\/\/hotel-mirni-kutak.hr\/en\/wp-json\/wp\/v2\/users\/1001008"}],"replies":[{"embeddable":true,"href":"https:\/\/hotel-mirni-kutak.hr\/en\/wp-json\/wp\/v2\/comments?post=164"}],"version-history":[{"count":8,"href":"https:\/\/hotel-mirni-kutak.hr\/en\/wp-json\/wp\/v2\/pages\/164\/revisions"}],"predecessor-version":[{"id":425,"href":"https:\/\/hotel-mirni-kutak.hr\/en\/wp-json\/wp\/v2\/pages\/164\/revisions\/425"}],"up":[{"embeddable":true,"href":"https:\/\/hotel-mirni-kutak.hr\/en\/wp-json\/wp\/v2\/pages\/10"}],"wp:attachment":[{"href":"https:\/\/hotel-mirni-kutak.hr\/en\/wp-json\/wp\/v2\/media?parent=164"}],"curies":[{"name":"wp","href":"https:\/\/api.w.org\/{rel}","templated":true}]}}