
{"id":12,"date":"2014-07-11T07:34:49","date_gmt":"2014-07-11T07:34:49","guid":{"rendered":"http:\/\/hotel-mirni-kutak.hr\/?page_id=12"},"modified":"2015-04-06T16:29:17","modified_gmt":"2015-04-06T14:29:17","slug":"fly-fishing-gacka","status":"publish","type":"page","link":"https:\/\/hotel-mirni-kutak.hr\/en\/fly-fishing-gacka\/","title":{"rendered":"Fly Fishing Gacka"},"content":{"rendered":"<p><\/p>\n<h4><img loading=\"lazy\" decoding=\"async\" class=\"alignleft wp-image-234 \" src=\"http:\/\/hotel-mirni-kutak.hr\/wp-content\/uploads\/2014\/07\/313901_2233524471947_1062983252_32229458_296279501_n-300x225.jpg\" alt=\"313901_2233524471947_1062983252_32229458_296279501_n\" width=\"264\" height=\"198\" srcset=\"https:\/\/hotel-mirni-kutak.hr\/wp-content\/uploads\/2014\/07\/313901_2233524471947_1062983252_32229458_296279501_n-300x225.jpg 300w, https:\/\/hotel-mirni-kutak.hr\/wp-content\/uploads\/2014\/07\/313901_2233524471947_1062983252_32229458_296279501_n-640x480.jpg 640w, https:\/\/hotel-mirni-kutak.hr\/wp-content\/uploads\/2014\/07\/313901_2233524471947_1062983252_32229458_296279501_n.jpg 960w\" sizes=\"auto, (max-width: 264px) 100vw, 264px\" \/><strong>Gacke river and Flyfishing \u00a0<\/strong><\/h4>\n<p>Gacka is one among the three best known river in the world. The beauty of this surrounding nature, the ambiance, and the fishing opportunities are able to capture the hearts of all those lucky enough to ever come and visit the worldwide known beauty.<\/p>\n<p style=\"color: #7f7f7f;\"><span style=\"color: #000000;\">Gacka is extremely rich in both flora and fauna. The vegetation is abundant owing to the favorable water temperature, convenient chemical structure, silty bed, and moderate flow. Underwather vegetation grows throughout the year, but its growth is nevertheless more pronounced in the warm seasons. As many as 25 plant species have been identified: Algae, Bryophytes and woody plants.<\/span><\/p>\n<h4 style=\"text-align: center;\"><strong>Fishing revirs<\/strong><br \/>\n<strong> A \/ Fly Fishing, B \/ Spin and C \/ Carp fishing<\/strong><\/h4>\n<p>A \/ From the Gacka spring to Stani\u0161i\u0107 bridge (the fifth concrete bridge) fishing is allowed only with an artificial fly. In the area of the church of Sveti Franjo\u00a0 to third concrete bridge (Toncini bridge) fishing is allowed on the principle of &#8220;catch and release&#8221;; all fish caught must be released back into the river.<\/p>\n<p>B \/ From Stani\u0161i\u0107 Bridge (the fifth concrete bridge) downstream fishing is allowed with an artificial fly and all other artificial baits.<\/p>\n<p>C \/ On the \u0160vica and Gusi\u0107 lake permitted to fish in compliance with statutory hunting measures.<\/p>\n<p>This revir includes the natural lake, name \u0160vi\u010dko jezero in the village of \u0160vica and the accumulation lake in the village Brlog, name Gusi\u0107 jezero . \u0160vi\u010dko jezero is natural habitat for many species of fish, and the experience of fishing for carp and tench makes unique idyllic nature.<\/p>\n<h4 style=\"text-align: center;\"><strong>Hunting small and big game<\/strong><\/h4>\n<p>For those who prefer to hunt small or big game our hunting destination\u00a0offering you\u00a0 guaranteed catch.<\/p>\n<p><b>\u201e LUBUDOVA \u0160UMA \u201c \u2013 guaranteed catch<\/b><\/p>\n<p>\u25aa Commercial game<br \/>\n\u25aa Trophy game<\/p>\n<p>Hunting is allowed throughout the whole year &#8211; \u00a0one shot &#8211;\u00a0pax EUR 200.00 plus catching by category<\/p>\n<p>Venison: deer, roebuck, fallow deer, pig, boar, rabbit<\/p>\n<p><b>HUNTING CLUB OTO\u010cAC <\/b><\/p>\n<p>Venison: Bear, wolf, fox, badger, Rabbit, Wildcat, Lynx\u2026<br \/>\n&#8211; Doe, a deer, deer, fallow deer, mouflon<br \/>\n&#8211; Wild Boar, Boar, Hare<br \/>\nBirds: Woodcock, Quail, Pheasant, Magpie, Hawk<br \/>\nHunting is determined by the season so need to check hunting calendar.<\/p>\n<p><i class=\"fa fa-angle-double-right\"><\/i><a href=\"https:\/\/www.facebook.com\/pages\/Gacka-fly-fishing\/380303506179\" target=\"_blank\"> FlyFishing Gacka Facebook<\/a><\/p>\n<p>\n\t\t<style type=\"text\/css\">\n\t\t\t#gallery-2 {\n\t\t\t\tmargin: auto;\n\t\t\t}\n\t\t\t#gallery-2 .gallery-item {\n\t\t\t\tfloat: left;\n\t\t\t\tmargin-top: 10px;\n\t\t\t\ttext-align: center;\n\t\t\t\twidth: 25%;\n\t\t\t}\n\t\t\t#gallery-2 img {\n\t\t\t\tborder: 2px solid #cfcfcf;\n\t\t\t}\n\t\t\t#gallery-2 .gallery-caption {\n\t\t\t\tmargin-left: 0;\n\t\t\t}\n\t\t\t\/* see gallery_shortcode() in wp-includes\/media.php *\/\n\t\t<\/style>\n\t\t<div id='gallery-2' class='gallery galleryid-12 gallery-columns-4 gallery-size-thumbnail'><dl class='gallery-item'>\n\t\t\t<dt class='gallery-icon landscape'>\n\t\t\t\t<a href='https:\/\/hotel-mirni-kutak.hr\/wp-content\/uploads\/2014\/07\/HRVOJE-SLIKE-2015-046.jpg' title=\"\" data-rl_title=\"\" class=\"rl-gallery-link\" data-rl_caption=\"\" data-rel=\"gallery-1-gallery-2\"><img loading=\"lazy\" decoding=\"async\" width=\"150\" height=\"150\" src=\"https:\/\/hotel-mirni-kutak.hr\/wp-content\/uploads\/2014\/07\/HRVOJE-SLIKE-2015-046-150x150.jpg\" class=\"attachment-thumbnail size-thumbnail\" alt=\"\" aria-describedby=\"gallery-2-510\" \/><\/a>\n\t\t\t<\/dt>\n\t\t\t\t<dd class='wp-caption-text gallery-caption' id='gallery-2-510'>\n\t\t\t\tGacka\n\t\t\t\t<\/dd><\/dl><dl class='gallery-item'>\n\t\t\t<dt class='gallery-icon landscape'>\n\t\t\t\t<a href='https:\/\/hotel-mirni-kutak.hr\/wp-content\/uploads\/2014\/07\/HRVOJE-SLIKE-2015-128.jpg' title=\"\" data-rl_title=\"\" class=\"rl-gallery-link\" data-rl_caption=\"\" data-rel=\"gallery-1-gallery-2\"><img loading=\"lazy\" decoding=\"async\" width=\"150\" height=\"150\" src=\"https:\/\/hotel-mirni-kutak.hr\/wp-content\/uploads\/2014\/07\/HRVOJE-SLIKE-2015-128-150x150.jpg\" class=\"attachment-thumbnail size-thumbnail\" alt=\"\" aria-describedby=\"gallery-2-518\" \/><\/a>\n\t\t\t<\/dt>\n\t\t\t\t<dd class='wp-caption-text gallery-caption' id='gallery-2-518'>\n\t\t\t\tGacka\n\t\t\t\t<\/dd><\/dl><dl class='gallery-item'>\n\t\t\t<dt class='gallery-icon landscape'>\n\t\t\t\t<a href='https:\/\/hotel-mirni-kutak.hr\/wp-content\/uploads\/2014\/07\/LOV-eng.jpg' title=\"\" data-rl_title=\"\" class=\"rl-gallery-link\" data-rl_caption=\"\" data-rel=\"gallery-1-gallery-2\"><img loading=\"lazy\" decoding=\"async\" width=\"150\" height=\"150\" src=\"https:\/\/hotel-mirni-kutak.hr\/wp-content\/uploads\/2014\/07\/LOV-eng-150x150.jpg\" class=\"attachment-thumbnail size-thumbnail\" alt=\"\" aria-describedby=\"gallery-2-322\" \/><\/a>\n\t\t\t<\/dt>\n\t\t\t\t<dd class='wp-caption-text gallery-caption' id='gallery-2-322'>\n\t\t\t\tLov na sitnu i krupnu divlja\u010d &#8211; Hunting of small and big game\n\t\t\t\t<\/dd><\/dl><dl class='gallery-item'>\n\t\t\t<dt class='gallery-icon portrait'>\n\t\t\t\t<a href='https:\/\/hotel-mirni-kutak.hr\/wp-content\/uploads\/2014\/07\/HRVOJE-SLIKE-2015-092.jpg' title=\"\" data-rl_title=\"\" class=\"rl-gallery-link\" data-rl_caption=\"\" data-rel=\"gallery-1-gallery-2\"><img loading=\"lazy\" decoding=\"async\" width=\"150\" height=\"150\" src=\"https:\/\/hotel-mirni-kutak.hr\/wp-content\/uploads\/2014\/07\/HRVOJE-SLIKE-2015-092-150x150.jpg\" class=\"attachment-thumbnail size-thumbnail\" alt=\"\" aria-describedby=\"gallery-2-515\" \/><\/a>\n\t\t\t<\/dt>\n\t\t\t\t<dd class='wp-caption-text gallery-caption' id='gallery-2-515'>\n\t\t\t\tGacka\n\t\t\t\t<\/dd><\/dl><br style=\"clear: both\" \/><dl class='gallery-item'>\n\t\t\t<dt class='gallery-icon landscape'>\n\t\t\t\t<a href='https:\/\/hotel-mirni-kutak.hr\/wp-content\/uploads\/2014\/07\/775186_390770067683404_235236720_o.jpg' title=\"\" data-rl_title=\"\" class=\"rl-gallery-link\" data-rl_caption=\"\" data-rel=\"gallery-1-gallery-2\"><img loading=\"lazy\" decoding=\"async\" width=\"150\" height=\"150\" src=\"https:\/\/hotel-mirni-kutak.hr\/wp-content\/uploads\/2014\/07\/775186_390770067683404_235236720_o-150x150.jpg\" class=\"attachment-thumbnail size-thumbnail\" alt=\"\" aria-describedby=\"gallery-2-503\" \/><\/a>\n\t\t\t<\/dt>\n\t\t\t\t<dd class='wp-caption-text gallery-caption' id='gallery-2-503'>\n\t\t\t\tGacka\n\t\t\t\t<\/dd><\/dl><dl class='gallery-item'>\n\t\t\t<dt class='gallery-icon landscape'>\n\t\t\t\t<a href='https:\/\/hotel-mirni-kutak.hr\/wp-content\/uploads\/2014\/07\/HRVOJE-SLIKE-2015-127.jpg' title=\"\" data-rl_title=\"\" class=\"rl-gallery-link\" data-rl_caption=\"\" data-rel=\"gallery-1-gallery-2\"><img loading=\"lazy\" decoding=\"async\" width=\"150\" height=\"150\" src=\"https:\/\/hotel-mirni-kutak.hr\/wp-content\/uploads\/2014\/07\/HRVOJE-SLIKE-2015-127-150x150.jpg\" class=\"attachment-thumbnail size-thumbnail\" alt=\"\" aria-describedby=\"gallery-2-517\" \/><\/a>\n\t\t\t<\/dt>\n\t\t\t\t<dd class='wp-caption-text gallery-caption' id='gallery-2-517'>\n\t\t\t\tGacka\n\t\t\t\t<\/dd><\/dl><dl class='gallery-item'>\n\t\t\t<dt class='gallery-icon landscape'>\n\t\t\t\t<a href='https:\/\/hotel-mirni-kutak.hr\/wp-content\/uploads\/2014\/07\/HRVOJE-SLIKE-2015-031.jpg' title=\"\" data-rl_title=\"\" class=\"rl-gallery-link\" data-rl_caption=\"\" data-rel=\"gallery-1-gallery-2\"><img loading=\"lazy\" decoding=\"async\" width=\"150\" height=\"150\" src=\"https:\/\/hotel-mirni-kutak.hr\/wp-content\/uploads\/2014\/07\/HRVOJE-SLIKE-2015-031-150x150.jpg\" class=\"attachment-thumbnail size-thumbnail\" alt=\"\" aria-describedby=\"gallery-2-505\" \/><\/a>\n\t\t\t<\/dt>\n\t\t\t\t<dd class='wp-caption-text gallery-caption' id='gallery-2-505'>\n\t\t\t\tGacka\n\t\t\t\t<\/dd><\/dl><dl class='gallery-item'>\n\t\t\t<dt class='gallery-icon landscape'>\n\t\t\t\t<a href='https:\/\/hotel-mirni-kutak.hr\/wp-content\/uploads\/2014\/07\/HRVOJE-SLIKE-2015-048.jpg' title=\"\" data-rl_title=\"\" class=\"rl-gallery-link\" data-rl_caption=\"\" data-rel=\"gallery-1-gallery-2\"><img loading=\"lazy\" decoding=\"async\" width=\"150\" height=\"150\" src=\"https:\/\/hotel-mirni-kutak.hr\/wp-content\/uploads\/2014\/07\/HRVOJE-SLIKE-2015-048-150x150.jpg\" class=\"attachment-thumbnail size-thumbnail\" alt=\"\" aria-describedby=\"gallery-2-512\" \/><\/a>\n\t\t\t<\/dt>\n\t\t\t\t<dd class='wp-caption-text gallery-caption' id='gallery-2-512'>\n\t\t\t\tGacka\n\t\t\t\t<\/dd><\/dl><br style=\"clear: both\" \/><dl class='gallery-item'>\n\t\t\t<dt class='gallery-icon landscape'>\n\t\t\t\t<a href='https:\/\/hotel-mirni-kutak.hr\/wp-content\/uploads\/2014\/07\/778639_398062456954165_201267366_o.jpg' title=\"\" data-rl_title=\"\" class=\"rl-gallery-link\" data-rl_caption=\"\" data-rel=\"gallery-1-gallery-2\"><img loading=\"lazy\" decoding=\"async\" width=\"150\" height=\"150\" src=\"https:\/\/hotel-mirni-kutak.hr\/wp-content\/uploads\/2014\/07\/778639_398062456954165_201267366_o-150x150.jpg\" class=\"attachment-thumbnail size-thumbnail\" alt=\"\" aria-describedby=\"gallery-2-504\" \/><\/a>\n\t\t\t<\/dt>\n\t\t\t\t<dd class='wp-caption-text gallery-caption' id='gallery-2-504'>\n\t\t\t\tGacka\n\t\t\t\t<\/dd><\/dl><dl class='gallery-item'>\n\t\t\t<dt class='gallery-icon portrait'>\n\t\t\t\t<a href='https:\/\/hotel-mirni-kutak.hr\/wp-content\/uploads\/2014\/07\/HRVOJE-SLIKE-2015-091.jpg' title=\"\" data-rl_title=\"\" class=\"rl-gallery-link\" data-rl_caption=\"\" data-rel=\"gallery-1-gallery-2\"><img loading=\"lazy\" decoding=\"async\" width=\"150\" height=\"150\" src=\"https:\/\/hotel-mirni-kutak.hr\/wp-content\/uploads\/2014\/07\/HRVOJE-SLIKE-2015-091-150x150.jpg\" class=\"attachment-thumbnail size-thumbnail\" alt=\"\" aria-describedby=\"gallery-2-514\" \/><\/a>\n\t\t\t<\/dt>\n\t\t\t\t<dd class='wp-caption-text gallery-caption' id='gallery-2-514'>\n\t\t\t\tGacka\n\t\t\t\t<\/dd><\/dl><dl class='gallery-item'>\n\t\t\t<dt class='gallery-icon landscape'>\n\t\t\t\t<a href='https:\/\/hotel-mirni-kutak.hr\/wp-content\/uploads\/2014\/07\/HRVOJE-SLIKE-2015-049.jpg' title=\"\" data-rl_title=\"\" class=\"rl-gallery-link\" data-rl_caption=\"\" data-rel=\"gallery-1-gallery-2\"><img loading=\"lazy\" decoding=\"async\" width=\"150\" height=\"150\" src=\"https:\/\/hotel-mirni-kutak.hr\/wp-content\/uploads\/2014\/07\/HRVOJE-SLIKE-2015-049-150x150.jpg\" class=\"attachment-thumbnail size-thumbnail\" alt=\"\" aria-describedby=\"gallery-2-513\" \/><\/a>\n\t\t\t<\/dt>\n\t\t\t\t<dd class='wp-caption-text gallery-caption' id='gallery-2-513'>\n\t\t\t\tGacka dolina &#8211; Gacka valley \n\t\t\t\t<\/dd><\/dl><dl class='gallery-item'>\n\t\t\t<dt class='gallery-icon landscape'>\n\t\t\t\t<a href='https:\/\/hotel-mirni-kutak.hr\/wp-content\/uploads\/2014\/07\/CIMG03101.jpg' title=\"\" data-rl_title=\"\" class=\"rl-gallery-link\" data-rl_caption=\"\" data-rel=\"gallery-1-gallery-2\"><img loading=\"lazy\" decoding=\"async\" width=\"150\" height=\"150\" src=\"https:\/\/hotel-mirni-kutak.hr\/wp-content\/uploads\/2014\/07\/CIMG03101-150x150.jpg\" class=\"attachment-thumbnail size-thumbnail\" alt=\"\" aria-describedby=\"gallery-2-240\" \/><\/a>\n\t\t\t<\/dt>\n\t\t\t\t<dd class='wp-caption-text gallery-caption' id='gallery-2-240'>\n\t\t\t\tGacka\n\t\t\t\t<\/dd><\/dl><br style=\"clear: both\" \/><dl class='gallery-item'>\n\t\t\t<dt class='gallery-icon landscape'>\n\t\t\t\t<a href='https:\/\/hotel-mirni-kutak.hr\/wp-content\/uploads\/2014\/07\/HRVOJE-SLIKE-2015-041.jpeg' title=\"\" data-rl_title=\"\" class=\"rl-gallery-link\" data-rl_caption=\"\" data-rel=\"gallery-1-gallery-2\"><img loading=\"lazy\" decoding=\"async\" width=\"150\" height=\"150\" src=\"https:\/\/hotel-mirni-kutak.hr\/wp-content\/uploads\/2014\/07\/HRVOJE-SLIKE-2015-041-150x150.jpeg\" class=\"attachment-thumbnail size-thumbnail\" alt=\"\" aria-describedby=\"gallery-2-508\" \/><\/a>\n\t\t\t<\/dt>\n\t\t\t\t<dd class='wp-caption-text gallery-caption' id='gallery-2-508'>\n\t\t\t\tFly fisherman Hrvoje Markovi\u0107\n\t\t\t\t<\/dd><\/dl><dl class='gallery-item'>\n\t\t\t<dt class='gallery-icon landscape'>\n\t\t\t\t<a href='https:\/\/hotel-mirni-kutak.hr\/wp-content\/uploads\/2014\/07\/pastrva.jpg' title=\"\" data-rl_title=\"\" class=\"rl-gallery-link\" data-rl_caption=\"\" data-rel=\"gallery-1-gallery-2\"><img loading=\"lazy\" decoding=\"async\" width=\"150\" height=\"150\" src=\"https:\/\/hotel-mirni-kutak.hr\/wp-content\/uploads\/2014\/07\/pastrva-150x150.jpg\" class=\"attachment-thumbnail size-thumbnail\" alt=\"\" aria-describedby=\"gallery-2-236\" \/><\/a>\n\t\t\t<\/dt>\n\t\t\t\t<dd class='wp-caption-text gallery-caption' id='gallery-2-236'>\n\t\t\t\tPastrva &#8211; Trout &#8211; Trota &#8211; Forelle\n\t\t\t\t<\/dd><\/dl><dl class='gallery-item'>\n\t\t\t<dt class='gallery-icon landscape'>\n\t\t\t\t<a href='https:\/\/hotel-mirni-kutak.hr\/wp-content\/uploads\/2014\/07\/665514_347644718662606_1643043861_o.jpg' title=\"\" data-rl_title=\"\" class=\"rl-gallery-link\" data-rl_caption=\"\" data-rel=\"gallery-1-gallery-2\"><img loading=\"lazy\" decoding=\"async\" width=\"150\" height=\"150\" src=\"https:\/\/hotel-mirni-kutak.hr\/wp-content\/uploads\/2014\/07\/665514_347644718662606_1643043861_o-150x150.jpg\" class=\"attachment-thumbnail size-thumbnail\" alt=\"\" aria-describedby=\"gallery-2-502\" \/><\/a>\n\t\t\t<\/dt>\n\t\t\t\t<dd class='wp-caption-text gallery-caption' id='gallery-2-502'>\n\t\t\t\tGacka\n\t\t\t\t<\/dd><\/dl><dl class='gallery-item'>\n\t\t\t<dt class='gallery-icon landscape'>\n\t\t\t\t<a href='https:\/\/hotel-mirni-kutak.hr\/wp-content\/uploads\/2014\/07\/HRVOJE-SLIKE-2015-045.jpg' title=\"\" data-rl_title=\"\" class=\"rl-gallery-link\" data-rl_caption=\"\" data-rel=\"gallery-1-gallery-2\"><img loading=\"lazy\" decoding=\"async\" width=\"150\" height=\"150\" src=\"https:\/\/hotel-mirni-kutak.hr\/wp-content\/uploads\/2014\/07\/HRVOJE-SLIKE-2015-045-150x150.jpg\" class=\"attachment-thumbnail size-thumbnail\" alt=\"\" aria-describedby=\"gallery-2-509\" \/><\/a>\n\t\t\t<\/dt>\n\t\t\t\t<dd class='wp-caption-text gallery-caption' id='gallery-2-509'>\n\t\t\t\tGacka\n\t\t\t\t<\/dd><\/dl><br style=\"clear: both\" \/><dl class='gallery-item'>\n\t\t\t<dt class='gallery-icon landscape'>\n\t\t\t\t<a href='https:\/\/hotel-mirni-kutak.hr\/wp-content\/uploads\/2014\/07\/HRVOJE-SLIKE-2015-033.jpg' title=\"\" data-rl_title=\"\" class=\"rl-gallery-link\" data-rl_caption=\"\" data-rel=\"gallery-1-gallery-2\"><img loading=\"lazy\" decoding=\"async\" width=\"150\" height=\"150\" src=\"https:\/\/hotel-mirni-kutak.hr\/wp-content\/uploads\/2014\/07\/HRVOJE-SLIKE-2015-033-150x150.jpg\" class=\"attachment-thumbnail size-thumbnail\" alt=\"\" aria-describedby=\"gallery-2-507\" \/><\/a>\n\t\t\t<\/dt>\n\t\t\t\t<dd class='wp-caption-text gallery-caption' id='gallery-2-507'>\n\t\t\t\tGacka\n\t\t\t\t<\/dd><\/dl><dl class='gallery-item'>\n\t\t\t<dt class='gallery-icon landscape'>\n\t\t\t\t<a href='https:\/\/hotel-mirni-kutak.hr\/wp-content\/uploads\/2014\/07\/HRVOJE-SLIKE-2015-032.jpg' title=\"\" data-rl_title=\"\" class=\"rl-gallery-link\" data-rl_caption=\"\" data-rel=\"gallery-1-gallery-2\"><img loading=\"lazy\" decoding=\"async\" width=\"150\" height=\"150\" src=\"https:\/\/hotel-mirni-kutak.hr\/wp-content\/uploads\/2014\/07\/HRVOJE-SLIKE-2015-032-150x150.jpg\" class=\"attachment-thumbnail size-thumbnail\" alt=\"\" aria-describedby=\"gallery-2-506\" \/><\/a>\n\t\t\t<\/dt>\n\t\t\t\t<dd class='wp-caption-text gallery-caption' id='gallery-2-506'>\n\t\t\t\tGacka\n\t\t\t\t<\/dd><\/dl><dl class='gallery-item'>\n\t\t\t<dt class='gallery-icon landscape'>\n\t\t\t\t<a href='https:\/\/hotel-mirni-kutak.hr\/wp-content\/uploads\/2014\/07\/HRVOJE-SLIKE-2015-047.jpg' title=\"\" data-rl_title=\"\" class=\"rl-gallery-link\" data-rl_caption=\"\" data-rel=\"gallery-1-gallery-2\"><img loading=\"lazy\" decoding=\"async\" width=\"150\" height=\"150\" src=\"https:\/\/hotel-mirni-kutak.hr\/wp-content\/uploads\/2014\/07\/HRVOJE-SLIKE-2015-047-150x150.jpg\" class=\"attachment-thumbnail size-thumbnail\" alt=\"\" aria-describedby=\"gallery-2-511\" \/><\/a>\n\t\t\t<\/dt>\n\t\t\t\t<dd class='wp-caption-text gallery-caption' id='gallery-2-511'>\n\t\t\t\tGacka\n\t\t\t\t<\/dd><\/dl><dl class='gallery-item'>\n\t\t\t<dt class='gallery-icon landscape'>\n\t\t\t\t<a href='https:\/\/hotel-mirni-kutak.hr\/wp-content\/uploads\/2014\/07\/HRVOJE-SLIKE-2015-125.jpg' title=\"\" data-rl_title=\"\" class=\"rl-gallery-link\" data-rl_caption=\"\" data-rel=\"gallery-1-gallery-2\"><img loading=\"lazy\" decoding=\"async\" width=\"150\" height=\"150\" src=\"https:\/\/hotel-mirni-kutak.hr\/wp-content\/uploads\/2014\/07\/HRVOJE-SLIKE-2015-125-150x150.jpg\" class=\"attachment-thumbnail size-thumbnail\" alt=\"\" aria-describedby=\"gallery-2-516\" \/><\/a>\n\t\t\t<\/dt>\n\t\t\t\t<dd class='wp-caption-text gallery-caption' id='gallery-2-516'>\n\t\t\t\tGacka\n\t\t\t\t<\/dd><\/dl><br style=\"clear: both\" \/>\n\t\t<\/div>\n<\/p>","protected":false},"excerpt":{"rendered":"<p>Gacke river and Flyfishing \u00a0 Gacka is one among the three best known river in the world. The beauty of this surrounding nature, the ambiance, and the fishing opportunities are [&hellip;]<\/p>\n","protected":false},"author":1001008,"featured_media":0,"parent":0,"menu_order":0,"comment_status":"open","ping_status":"open","template":"page-full.php","meta":{"footnotes":""},"class_list":["post-12","page","type-page","status-publish","hentry"],"_links":{"self":[{"href":"https:\/\/hotel-mirni-kutak.hr\/en\/wp-json\/wp\/v2\/pages\/12","targetHints":{"allow":["GET"]}}],"collection":[{"href":"https:\/\/hotel-mirni-kutak.hr\/en\/wp-json\/wp\/v2\/pages"}],"about":[{"href":"https:\/\/hotel-mirni-kutak.hr\/en\/wp-json\/wp\/v2\/types\/page"}],"author":[{"embeddable":true,"href":"https:\/\/hotel-mirni-kutak.hr\/en\/wp-json\/wp\/v2\/users\/1001008"}],"replies":[{"embeddable":true,"href":"https:\/\/hotel-mirni-kutak.hr\/en\/wp-json\/wp\/v2\/comments?post=12"}],"version-history":[{"count":45,"href":"https:\/\/hotel-mirni-kutak.hr\/en\/wp-json\/wp\/v2\/pages\/12\/revisions"}],"predecessor-version":[{"id":553,"href":"https:\/\/hotel-mirni-kutak.hr\/en\/wp-json\/wp\/v2\/pages\/12\/revisions\/553"}],"wp:attachment":[{"href":"https:\/\/hotel-mirni-kutak.hr\/en\/wp-json\/wp\/v2\/media?parent=12"}],"curies":[{"name":"wp","href":"https:\/\/api.w.org\/{rel}","templated":true}]}}