
{"id":8,"date":"2014-07-11T07:33:53","date_gmt":"2014-07-11T07:33:53","guid":{"rendered":"http:\/\/hotel-mirni-kutak.hr\/?page_id=8"},"modified":"2017-07-03T10:59:59","modified_gmt":"2017-07-03T08:59:59","slug":"wellness","status":"publish","type":"page","link":"https:\/\/hotel-mirni-kutak.hr\/de\/wellness\/","title":{"rendered":"Wellness"},"content":{"rendered":"<p><\/p>\n<div class=\"alert alert-info\" role=\"alert\">Wellness ist derzeit nicht in Gebrauch.<\/div>\n<h4><img loading=\"lazy\" decoding=\"async\" class=\"alignleft wp-image-134 \" src=\"http:\/\/hotel-mirni-kutak.hr\/wp-content\/uploads\/2014\/07\/wellness-06-300x225.jpg\" alt=\"OLYMPUS DIGITAL CAMERA\" width=\"163\" height=\"122\" srcset=\"https:\/\/hotel-mirni-kutak.hr\/wp-content\/uploads\/2014\/07\/wellness-06-300x225.jpg 300w, https:\/\/hotel-mirni-kutak.hr\/wp-content\/uploads\/2014\/07\/wellness-06.jpg 640w\" sizes=\"auto, (max-width: 163px) 100vw, 163px\" \/><\/h4>\n<h4>Ruhige Urlaub<\/h4>\n<p>Erfrischen Sie K\u00f6rper und Geist im hoteleigenen Wellnessbereich entspannen.\u00a0Als unsere G\u00e4ste offen zu legen und mit g\u00fcnstigen Preisen Schwimmbad mit Gegenstromanlage schwimmen, Whirlpool-Badewanne mit Jacuzzi und Finnische Sauna mit Lavasteinen, sp\u00fcren Sie die Kraft des Friedens \u00e4therische \u00d6le ..<\/p>\n<p>Das Haus hat eine Sonnenterrasse, Umkleider\u00e4ume, Duschen.\u00a0M\u00f6glichkeit der beruflichen Physiotherapeuten zum Bestellen!<\/p>\n<p>\n\t\t<style type=\"text\/css\">\n\t\t\t#gallery-1 {\n\t\t\t\tmargin: auto;\n\t\t\t}\n\t\t\t#gallery-1 .gallery-item {\n\t\t\t\tfloat: left;\n\t\t\t\tmargin-top: 10px;\n\t\t\t\ttext-align: center;\n\t\t\t\twidth: 25%;\n\t\t\t}\n\t\t\t#gallery-1 img {\n\t\t\t\tborder: 2px solid #cfcfcf;\n\t\t\t}\n\t\t\t#gallery-1 .gallery-caption {\n\t\t\t\tmargin-left: 0;\n\t\t\t}\n\t\t\t\/* see gallery_shortcode() in wp-includes\/media.php *\/\n\t\t<\/style>\n\t\t<div id='gallery-1' class='gallery galleryid-8 gallery-columns-4 gallery-size-thumbnail'><dl class='gallery-item'>\n\t\t\t<dt class='gallery-icon landscape'>\n\t\t\t\t<a href='https:\/\/hotel-mirni-kutak.hr\/wp-content\/uploads\/2014\/07\/wellness-02.jpg' title=\"\" data-rl_title=\"\" class=\"rl-gallery-link\" data-rl_caption=\"\" data-rel=\"gallery-1-gallery-1\"><img loading=\"lazy\" decoding=\"async\" width=\"150\" height=\"150\" src=\"https:\/\/hotel-mirni-kutak.hr\/wp-content\/uploads\/2014\/07\/wellness-02-150x150.jpg\" class=\"attachment-thumbnail size-thumbnail\" alt=\"\" \/><\/a>\n\t\t\t<\/dt><\/dl><dl class='gallery-item'>\n\t\t\t<dt class='gallery-icon landscape'>\n\t\t\t\t<a href='https:\/\/hotel-mirni-kutak.hr\/wp-content\/uploads\/2014\/07\/wellness-06.jpg' title=\"\" data-rl_title=\"\" class=\"rl-gallery-link\" data-rl_caption=\"\" data-rel=\"gallery-1-gallery-1\"><img loading=\"lazy\" decoding=\"async\" width=\"150\" height=\"150\" src=\"https:\/\/hotel-mirni-kutak.hr\/wp-content\/uploads\/2014\/07\/wellness-06-150x150.jpg\" class=\"attachment-thumbnail size-thumbnail\" alt=\"\" \/><\/a>\n\t\t\t<\/dt><\/dl><dl class='gallery-item'>\n\t\t\t<dt class='gallery-icon landscape'>\n\t\t\t\t<a href='https:\/\/hotel-mirni-kutak.hr\/wp-content\/uploads\/2014\/07\/wellness.jpg' title=\"\" data-rl_title=\"\" class=\"rl-gallery-link\" data-rl_caption=\"\" data-rel=\"gallery-1-gallery-1\"><img loading=\"lazy\" decoding=\"async\" width=\"150\" height=\"150\" src=\"https:\/\/hotel-mirni-kutak.hr\/wp-content\/uploads\/2014\/07\/wellness-150x150.jpg\" class=\"attachment-thumbnail size-thumbnail\" alt=\"\" \/><\/a>\n\t\t\t<\/dt><\/dl><dl class='gallery-item'>\n\t\t\t<dt class='gallery-icon landscape'>\n\t\t\t\t<a href='https:\/\/hotel-mirni-kutak.hr\/wp-content\/uploads\/2014\/07\/wellness-03.jpg' title=\"\" data-rl_title=\"\" class=\"rl-gallery-link\" data-rl_caption=\"\" data-rel=\"gallery-1-gallery-1\"><img loading=\"lazy\" decoding=\"async\" width=\"150\" height=\"150\" src=\"https:\/\/hotel-mirni-kutak.hr\/wp-content\/uploads\/2014\/07\/wellness-03-150x150.jpg\" class=\"attachment-thumbnail size-thumbnail\" alt=\"\" \/><\/a>\n\t\t\t<\/dt><\/dl><br style=\"clear: both\" \/><dl class='gallery-item'>\n\t\t\t<dt class='gallery-icon landscape'>\n\t\t\t\t<a href='https:\/\/hotel-mirni-kutak.hr\/wp-content\/uploads\/2014\/07\/wellness-04.jpg' title=\"\" data-rl_title=\"\" class=\"rl-gallery-link\" data-rl_caption=\"\" data-rel=\"gallery-1-gallery-1\"><img loading=\"lazy\" decoding=\"async\" width=\"150\" height=\"150\" src=\"https:\/\/hotel-mirni-kutak.hr\/wp-content\/uploads\/2014\/07\/wellness-04-150x150.jpg\" class=\"attachment-thumbnail size-thumbnail\" alt=\"\" \/><\/a>\n\t\t\t<\/dt><\/dl><dl class='gallery-item'>\n\t\t\t<dt class='gallery-icon landscape'>\n\t\t\t\t<a href='https:\/\/hotel-mirni-kutak.hr\/wp-content\/uploads\/2014\/07\/wellness-05.jpg' title=\"\" data-rl_title=\"\" class=\"rl-gallery-link\" data-rl_caption=\"\" data-rel=\"gallery-1-gallery-1\"><img loading=\"lazy\" decoding=\"async\" width=\"150\" height=\"150\" src=\"https:\/\/hotel-mirni-kutak.hr\/wp-content\/uploads\/2014\/07\/wellness-05-150x150.jpg\" class=\"attachment-thumbnail size-thumbnail\" alt=\"\" \/><\/a>\n\t\t\t<\/dt><\/dl><dl class='gallery-item'>\n\t\t\t<dt class='gallery-icon landscape'>\n\t\t\t\t<a href='https:\/\/hotel-mirni-kutak.hr\/wp-content\/uploads\/2014\/07\/wellness-07.jpg' title=\"\" data-rl_title=\"\" class=\"rl-gallery-link\" data-rl_caption=\"\" data-rel=\"gallery-1-gallery-1\"><img loading=\"lazy\" decoding=\"async\" width=\"150\" height=\"150\" src=\"https:\/\/hotel-mirni-kutak.hr\/wp-content\/uploads\/2014\/07\/wellness-07-150x150.jpg\" class=\"attachment-thumbnail size-thumbnail\" alt=\"\" \/><\/a>\n\t\t\t<\/dt><\/dl><dl class='gallery-item'>\n\t\t\t<dt class='gallery-icon portrait'>\n\t\t\t\t<a href='https:\/\/hotel-mirni-kutak.hr\/wp-content\/uploads\/2014\/07\/wellness-09.jpg' title=\"\" data-rl_title=\"\" class=\"rl-gallery-link\" data-rl_caption=\"\" data-rel=\"gallery-1-gallery-1\"><img loading=\"lazy\" decoding=\"async\" width=\"150\" height=\"150\" src=\"https:\/\/hotel-mirni-kutak.hr\/wp-content\/uploads\/2014\/07\/wellness-09-150x150.jpg\" class=\"attachment-thumbnail size-thumbnail\" alt=\"\" \/><\/a>\n\t\t\t<\/dt><\/dl><br style=\"clear: both\" \/><dl class='gallery-item'>\n\t\t\t<dt class='gallery-icon portrait'>\n\t\t\t\t<a href='https:\/\/hotel-mirni-kutak.hr\/wp-content\/uploads\/2014\/07\/wellness-08.jpg' title=\"\" data-rl_title=\"\" class=\"rl-gallery-link\" data-rl_caption=\"\" data-rel=\"gallery-1-gallery-1\"><img loading=\"lazy\" decoding=\"async\" width=\"150\" height=\"150\" src=\"https:\/\/hotel-mirni-kutak.hr\/wp-content\/uploads\/2014\/07\/wellness-08-150x150.jpg\" class=\"attachment-thumbnail size-thumbnail\" alt=\"\" \/><\/a>\n\t\t\t<\/dt><\/dl>\n\t\t\t<br style='clear: both' \/>\n\t\t<\/div>\n<\/p>","protected":false},"excerpt":{"rendered":"<p>Wellness ist derzeit nicht in Gebrauch. Ruhige Urlaub Erfrischen Sie K\u00f6rper und Geist im hoteleigenen Wellnessbereich entspannen.\u00a0Als unsere G\u00e4ste offen zu legen und mit g\u00fcnstigen Preisen Schwimmbad mit Gegenstromanlage schwimmen, [&hellip;]<\/p>\n","protected":false},"author":1001008,"featured_media":0,"parent":0,"menu_order":0,"comment_status":"open","ping_status":"open","template":"page-full.php","meta":{"footnotes":""},"class_list":["post-8","page","type-page","status-publish","hentry"],"_links":{"self":[{"href":"https:\/\/hotel-mirni-kutak.hr\/de\/wp-json\/wp\/v2\/pages\/8","targetHints":{"allow":["GET"]}}],"collection":[{"href":"https:\/\/hotel-mirni-kutak.hr\/de\/wp-json\/wp\/v2\/pages"}],"about":[{"href":"https:\/\/hotel-mirni-kutak.hr\/de\/wp-json\/wp\/v2\/types\/page"}],"author":[{"embeddable":true,"href":"https:\/\/hotel-mirni-kutak.hr\/de\/wp-json\/wp\/v2\/users\/1001008"}],"replies":[{"embeddable":true,"href":"https:\/\/hotel-mirni-kutak.hr\/de\/wp-json\/wp\/v2\/comments?post=8"}],"version-history":[{"count":16,"href":"https:\/\/hotel-mirni-kutak.hr\/de\/wp-json\/wp\/v2\/pages\/8\/revisions"}],"predecessor-version":[{"id":596,"href":"https:\/\/hotel-mirni-kutak.hr\/de\/wp-json\/wp\/v2\/pages\/8\/revisions\/596"}],"wp:attachment":[{"href":"https:\/\/hotel-mirni-kutak.hr\/de\/wp-json\/wp\/v2\/media?parent=8"}],"curies":[{"name":"wp","href":"https:\/\/api.w.org\/{rel}","templated":true}]}}