
{"id":31,"date":"2014-07-11T12:17:11","date_gmt":"2014-07-11T12:17:11","guid":{"rendered":"http:\/\/hotel-mirni-kutak.hr\/?page_id=31"},"modified":"2021-06-19T18:37:56","modified_gmt":"2021-06-19T16:37:56","slug":"o-nama","status":"publish","type":"page","link":"https:\/\/hotel-mirni-kutak.hr\/de\/uber-uns\/","title":{"rendered":"\u00dcber uns"},"content":{"rendered":"<p><img loading=\"lazy\" decoding=\"async\" class=\"alignleft wp-image-415 size-medium\" src=\"http:\/\/hotel-mirni-kutak.hr\/wp-content\/uploads\/2014\/07\/Slide1-300x225.jpg\" alt=\"\" width=\"300\" height=\"225\" srcset=\"https:\/\/hotel-mirni-kutak.hr\/wp-content\/uploads\/2014\/07\/Slide1-300x225.jpg 300w, https:\/\/hotel-mirni-kutak.hr\/wp-content\/uploads\/2014\/07\/Slide1-640x480.jpg 640w, https:\/\/hotel-mirni-kutak.hr\/wp-content\/uploads\/2014\/07\/Slide1.jpg 960w\" sizes=\"auto, (max-width: 300px) 100vw, 300px\" \/><span style=\"color: #000000;\">Wir befinden uns inmitten des Gacka Tals und haben gastronomische Spezialit\u00e4ten dieser Gegend sowie Spezialit\u00e4ten der internationalen K\u00fcche im Angebot. Wenn Sie Ihren Urlaub in unserer Umgebung verbringen m\u00f6chten, bieten wir Unterkunfts-, Unterhaltungsm\u00f6glichkeiten oder die M\u00f6glichkeit zur Veranstaltung von mehrt\u00e4gigen Ausfl\u00fcgen.<\/span><\/p>\n<p>Das Unternehmen Mirni kutak d.o.o. wurde 1985 gegr\u00fcndet. Das Hotel verf\u00fcgt \u00fcber einen gro\u00dfen Saal mit 250 Sitzpl\u00e4tzen, Terrassen, einem Schwimmpool mit Jacuzzi und Sauna sowie einem Verhandlungssaal vom 180 m2 .<br \/>\nDas Hotel Mirni kutak verf\u00fcgt \u00fcber 31 moderne klimatisierte Zimmer (66 Betten) wobei jedes Zimmer mit Minibar, Telefon, Satellitenfernseher und kostenlosem Internetanschluss ausgestattet ist.<\/p>\n<p>Im Objekt sind Einbett-, Zweibett- und Dreibettzimmer sowie zwei Apartments eingerichtet. Im Restaurant werden internationale sowie traditionelle Speisen aus Lika vorbereitet, wobei das Restaurant als eines der 100 f\u00fchrenden Restaurants in Kroatien ausgezeichnet wurde. Welche Vorteile bietet Ihnen unsere Lage im Tal des wundersch\u00f6nen Flusses Gacka, umkreist von unber\u00fchrter Natur? Die Qualit\u00e4t des Restaurants Mirni kutak beruht auf einer 35 Jahre langen Erfahrung, wobei wir eines der 100 f\u00fchrenden Restaurants in Kroatien sind.<img loading=\"lazy\" decoding=\"async\" class=\"alignright wp-image-301 size-medium\" src=\"http:\/\/hotel-mirni-kutak.hr\/wp-content\/uploads\/2014\/07\/28-300x276.jpg\" alt=\"2\" width=\"300\" height=\"276\" srcset=\"https:\/\/hotel-mirni-kutak.hr\/wp-content\/uploads\/2014\/07\/28-300x276.jpg 300w, https:\/\/hotel-mirni-kutak.hr\/wp-content\/uploads\/2014\/07\/28.jpg 314w\" sizes=\"auto, (max-width: 300px) 100vw, 300px\" \/><\/p>\n<p>Unser Restaurant befindet sich in der N\u00e4he mehrerer Wild- und Vogelfanglokalit\u00e4ten entlang des Flusses Gacka, der weltweit f\u00fcr seine Klarheit und den Sportfischfang bekannt ist.\u00a0W\u00e4hrend Ihres Besuchs veranstalten wir f\u00fcr Sie Ausf\u00fcge zu den Quellen des Flusses Gacka, zu den M\u00fchlen, zu Museen und arch\u00e4ologischen Fundst\u00e4tten, zum Schutzgebiet f\u00fcr junge B\u00e4ren in Kuterevo, zur Marienkirche in Krasno oder zum Schifahrtszentrum in Krasno.<br \/>\nF\u00fcr Sportflugbegeisterte liegen wir ebenso g\u00fcnstig, n\u00e4mlich nur 3 km vom Sportflughafen.<\/p>\n<p><strong> Wir sind umkreist von drei Nationalparts:<\/strong><\/p>\n<p>25 km entfernt vom Nationalpart Nord-Velebit<br \/>\n60 km vom Nationalpart Plitvizer Seen<br \/>\n100 km vom Nationalpart Paklenica<br \/>\n40 km vom Meer und Badestr\u00e4nden und<br \/>\nnur 5 km von der Autobahnausfahrt Oto\u010dac.<\/p>\n<p>Sollten Sie an irgendeinem Segment unseres Angebots Interesse gefunden haben, w\u00e4re es f\u00fcr uns einen Freude,\u00a0 Sie willkommen zu hei\u00dfen.<\/p>","protected":false},"excerpt":{"rendered":"<p>Wir befinden uns inmitten des Gacka Tals und haben gastronomische Spezialit\u00e4ten dieser Gegend sowie Spezialit\u00e4ten der internationalen K\u00fcche im Angebot. Wenn Sie Ihren Urlaub in unserer Umgebung verbringen m\u00f6chten, bieten [&hellip;]<\/p>\n","protected":false},"author":1001008,"featured_media":0,"parent":0,"menu_order":0,"comment_status":"open","ping_status":"open","template":"page-full.php","meta":{"footnotes":""},"class_list":["post-31","page","type-page","status-publish","hentry"],"_links":{"self":[{"href":"https:\/\/hotel-mirni-kutak.hr\/de\/wp-json\/wp\/v2\/pages\/31","targetHints":{"allow":["GET"]}}],"collection":[{"href":"https:\/\/hotel-mirni-kutak.hr\/de\/wp-json\/wp\/v2\/pages"}],"about":[{"href":"https:\/\/hotel-mirni-kutak.hr\/de\/wp-json\/wp\/v2\/types\/page"}],"author":[{"embeddable":true,"href":"https:\/\/hotel-mirni-kutak.hr\/de\/wp-json\/wp\/v2\/users\/1001008"}],"replies":[{"embeddable":true,"href":"https:\/\/hotel-mirni-kutak.hr\/de\/wp-json\/wp\/v2\/comments?post=31"}],"version-history":[{"count":23,"href":"https:\/\/hotel-mirni-kutak.hr\/de\/wp-json\/wp\/v2\/pages\/31\/revisions"}],"predecessor-version":[{"id":916,"href":"https:\/\/hotel-mirni-kutak.hr\/de\/wp-json\/wp\/v2\/pages\/31\/revisions\/916"}],"wp:attachment":[{"href":"https:\/\/hotel-mirni-kutak.hr\/de\/wp-json\/wp\/v2\/media?parent=31"}],"curies":[{"name":"wp","href":"https:\/\/api.w.org\/{rel}","templated":true}]}}