
{"id":26,"date":"2014-07-11T08:47:08","date_gmt":"2014-07-11T08:47:08","guid":{"rendered":"http:\/\/hotel-mirni-kutak.hr\/?page_id=26"},"modified":"2020-03-06T12:10:56","modified_gmt":"2020-03-06T11:10:56","slug":"test","status":"publish","type":"page","link":"https:\/\/hotel-mirni-kutak.hr\/de\/restaurant\/organisierte-mittagessen-und-feiern\/","title":{"rendered":"ORGANISIEREN SIE MITTAGESSEN UND FEIERN"},"content":{"rendered":"<p>Das Restaurant hat eine lange Tradition und Qualit\u00e4t.<br \/>\nGewinner des 100 TOP CROATIAN RESTAURANTS-Bands.<\/p>\n<p>Es bietet eine breite und reichhaltige Auswahl an &#8222;la card&#8220; -Men\u00fcs und bietet den Komfort und die Bequemlichkeit eines 400 m2 gro\u00dfen Restaurants.<\/p>\n<p>Wir garantieren die Privatsph\u00e4re Ihres Besuchs, die Feier in den separaten Restauranthallen.<\/p>\n<p><a href=\"http:\/\/hotel-mirni-kutak.hr\/wp-content\/uploads\/2020\/02\/20200129_171344_resized.jpg\" data-rel=\"gallery-1-image-0\" data-rl_title=\"\" data-rl_caption=\"\" title=\"\"><img loading=\"lazy\" decoding=\"async\" class=\"img-responsive alignnone wp-image-678 size-full\" src=\"http:\/\/hotel-mirni-kutak.hr\/wp-content\/uploads\/2020\/02\/20200129_171344_resized.jpg\" alt=\"\" width=\"2000\" height=\"972\" srcset=\"https:\/\/hotel-mirni-kutak.hr\/wp-content\/uploads\/2020\/02\/20200129_171344_resized.jpg 2000w, https:\/\/hotel-mirni-kutak.hr\/wp-content\/uploads\/2020\/02\/20200129_171344_resized-300x146.jpg 300w, https:\/\/hotel-mirni-kutak.hr\/wp-content\/uploads\/2020\/02\/20200129_171344_resized-1024x498.jpg 1024w, https:\/\/hotel-mirni-kutak.hr\/wp-content\/uploads\/2020\/02\/20200129_171344_resized-768x373.jpg 768w, https:\/\/hotel-mirni-kutak.hr\/wp-content\/uploads\/2020\/02\/20200129_171344_resized-1536x746.jpg 1536w\" sizes=\"auto, (max-width: 2000px) 100vw, 2000px\" \/><\/a><\/p>\n<p>Wir organisieren Ihre wichtigen Lebensmomente.<br \/>\nVerschiedene Familienfeiern und Versammlungen (Taufe, heilige Kommunion, Chrisma, Geburtstage, Jahrestage, der letzte Abschied von geliebten Menschen)<br \/>\nGesch\u00e4ftliche Weihnachtsempf\u00e4nge, Vermietung von Pr\u00e4sentationsr\u00e4umen, Gesch\u00e4ftstreffen<br \/>\nMittag- und Abendessen der Gruppenagentur<\/p>\n<p>Vereinbaren Sie ein nicht obligatorisches Interview und konsultieren Sie.<\/p>\n<p>Kontaktnummer 053771589; 0915801403;<\/p>\n<p><a href=\"http:\/\/hotel-mirni-kutak.hr\/wp-content\/uploads\/2020\/02\/20200213_195703_resized.jpg\" data-rel=\"gallery-1-image-1\" data-rl_title=\"\" data-rl_caption=\"\" title=\"\"><img loading=\"lazy\" decoding=\"async\" class=\"img-responsive alignnone wp-image-682 size-full\" src=\"http:\/\/hotel-mirni-kutak.hr\/wp-content\/uploads\/2020\/02\/20200213_195703_resized.jpg\" alt=\"\" width=\"2000\" height=\"972\" srcset=\"https:\/\/hotel-mirni-kutak.hr\/wp-content\/uploads\/2020\/02\/20200213_195703_resized.jpg 2000w, https:\/\/hotel-mirni-kutak.hr\/wp-content\/uploads\/2020\/02\/20200213_195703_resized-300x146.jpg 300w, https:\/\/hotel-mirni-kutak.hr\/wp-content\/uploads\/2020\/02\/20200213_195703_resized-1024x498.jpg 1024w, https:\/\/hotel-mirni-kutak.hr\/wp-content\/uploads\/2020\/02\/20200213_195703_resized-768x373.jpg 768w, https:\/\/hotel-mirni-kutak.hr\/wp-content\/uploads\/2020\/02\/20200213_195703_resized-1536x746.jpg 1536w\" sizes=\"auto, (max-width: 2000px) 100vw, 2000px\" \/><\/a><\/p>\n<p>\n\t\t<style type=\"text\/css\">\n\t\t\t#gallery-1 {\n\t\t\t\tmargin: auto;\n\t\t\t}\n\t\t\t#gallery-1 .gallery-item {\n\t\t\t\tfloat: left;\n\t\t\t\tmargin-top: 10px;\n\t\t\t\ttext-align: center;\n\t\t\t\twidth: 33%;\n\t\t\t}\n\t\t\t#gallery-1 img {\n\t\t\t\tborder: 2px solid #cfcfcf;\n\t\t\t}\n\t\t\t#gallery-1 .gallery-caption {\n\t\t\t\tmargin-left: 0;\n\t\t\t}\n\t\t\t\/* see gallery_shortcode() in wp-includes\/media.php *\/\n\t\t<\/style>\n\t\t<div id='gallery-1' class='gallery galleryid-26 gallery-columns-3 gallery-size-thumbnail'><dl class='gallery-item'>\n\t\t\t<dt class='gallery-icon portrait'>\n\t\t\t\t<a href='https:\/\/hotel-mirni-kutak.hr\/wp-content\/uploads\/2020\/03\/20200302_180140-scaled.jpg' title=\"\" data-rl_title=\"\" class=\"rl-gallery-link\" data-rl_caption=\"\" data-rel=\"gallery-1-gallery-1\"><img loading=\"lazy\" decoding=\"async\" width=\"150\" height=\"150\" src=\"https:\/\/hotel-mirni-kutak.hr\/wp-content\/uploads\/2020\/03\/20200302_180140-150x150.jpg\" class=\"attachment-thumbnail size-thumbnail\" alt=\"\" \/><\/a>\n\t\t\t<\/dt><\/dl><dl class='gallery-item'>\n\t\t\t<dt class='gallery-icon portrait'>\n\t\t\t\t<a href='https:\/\/hotel-mirni-kutak.hr\/wp-content\/uploads\/2020\/03\/20200302_180421-scaled.jpg' title=\"\" data-rl_title=\"\" class=\"rl-gallery-link\" data-rl_caption=\"\" data-rel=\"gallery-1-gallery-1\"><img loading=\"lazy\" decoding=\"async\" width=\"150\" height=\"150\" src=\"https:\/\/hotel-mirni-kutak.hr\/wp-content\/uploads\/2020\/03\/20200302_180421-150x150.jpg\" class=\"attachment-thumbnail size-thumbnail\" alt=\"\" \/><\/a>\n\t\t\t<\/dt><\/dl><dl class='gallery-item'>\n\t\t\t<dt class='gallery-icon portrait'>\n\t\t\t\t<a href='https:\/\/hotel-mirni-kutak.hr\/wp-content\/uploads\/2020\/03\/20200302_180524-scaled.jpg' title=\"\" data-rl_title=\"\" class=\"rl-gallery-link\" data-rl_caption=\"\" data-rel=\"gallery-1-gallery-1\"><img loading=\"lazy\" decoding=\"async\" width=\"150\" height=\"150\" src=\"https:\/\/hotel-mirni-kutak.hr\/wp-content\/uploads\/2020\/03\/20200302_180524-150x150.jpg\" class=\"attachment-thumbnail size-thumbnail\" alt=\"\" \/><\/a>\n\t\t\t<\/dt><\/dl><br style=\"clear: both\" \/><dl class='gallery-item'>\n\t\t\t<dt class='gallery-icon portrait'>\n\t\t\t\t<a href='https:\/\/hotel-mirni-kutak.hr\/wp-content\/uploads\/2020\/03\/20200302_181409-scaled.jpg' title=\"\" data-rl_title=\"\" class=\"rl-gallery-link\" data-rl_caption=\"\" data-rel=\"gallery-1-gallery-1\"><img loading=\"lazy\" decoding=\"async\" width=\"150\" height=\"150\" src=\"https:\/\/hotel-mirni-kutak.hr\/wp-content\/uploads\/2020\/03\/20200302_181409-150x150.jpg\" class=\"attachment-thumbnail size-thumbnail\" alt=\"\" \/><\/a>\n\t\t\t<\/dt><\/dl><dl class='gallery-item'>\n\t\t\t<dt class='gallery-icon portrait'>\n\t\t\t\t<a href='https:\/\/hotel-mirni-kutak.hr\/wp-content\/uploads\/2020\/03\/20200302_181516-scaled.jpg' title=\"\" data-rl_title=\"\" class=\"rl-gallery-link\" data-rl_caption=\"\" data-rel=\"gallery-1-gallery-1\"><img loading=\"lazy\" decoding=\"async\" width=\"150\" height=\"150\" src=\"https:\/\/hotel-mirni-kutak.hr\/wp-content\/uploads\/2020\/03\/20200302_181516-150x150.jpg\" class=\"attachment-thumbnail size-thumbnail\" alt=\"\" \/><\/a>\n\t\t\t<\/dt><\/dl><dl class='gallery-item'>\n\t\t\t<dt class='gallery-icon landscape'>\n\t\t\t\t<a href='https:\/\/hotel-mirni-kutak.hr\/wp-content\/uploads\/2020\/03\/20200302_181628.jpg' title=\"\" data-rl_title=\"\" class=\"rl-gallery-link\" data-rl_caption=\"\" data-rel=\"gallery-1-gallery-1\"><img loading=\"lazy\" decoding=\"async\" width=\"150\" height=\"150\" src=\"https:\/\/hotel-mirni-kutak.hr\/wp-content\/uploads\/2020\/03\/20200302_181628-150x150.jpg\" class=\"attachment-thumbnail size-thumbnail\" alt=\"\" \/><\/a>\n\t\t\t<\/dt><\/dl><br style=\"clear: both\" \/><dl class='gallery-item'>\n\t\t\t<dt class='gallery-icon portrait'>\n\t\t\t\t<a href='https:\/\/hotel-mirni-kutak.hr\/wp-content\/uploads\/2020\/03\/20200302_181713-scaled.jpg' title=\"\" data-rl_title=\"\" class=\"rl-gallery-link\" data-rl_caption=\"\" data-rel=\"gallery-1-gallery-1\"><img loading=\"lazy\" decoding=\"async\" width=\"150\" height=\"150\" src=\"https:\/\/hotel-mirni-kutak.hr\/wp-content\/uploads\/2020\/03\/20200302_181713-150x150.jpg\" class=\"attachment-thumbnail size-thumbnail\" alt=\"\" \/><\/a>\n\t\t\t<\/dt><\/dl><dl class='gallery-item'>\n\t\t\t<dt class='gallery-icon landscape'>\n\t\t\t\t<a href='https:\/\/hotel-mirni-kutak.hr\/wp-content\/uploads\/2020\/03\/20200302_181757.jpg' title=\"\" data-rl_title=\"\" class=\"rl-gallery-link\" data-rl_caption=\"\" data-rel=\"gallery-1-gallery-1\"><img loading=\"lazy\" decoding=\"async\" width=\"150\" height=\"150\" src=\"https:\/\/hotel-mirni-kutak.hr\/wp-content\/uploads\/2020\/03\/20200302_181757-150x150.jpg\" class=\"attachment-thumbnail size-thumbnail\" alt=\"\" \/><\/a>\n\t\t\t<\/dt><\/dl><dl class='gallery-item'>\n\t\t\t<dt class='gallery-icon portrait'>\n\t\t\t\t<a href='https:\/\/hotel-mirni-kutak.hr\/wp-content\/uploads\/2020\/03\/20200302_182019-scaled.jpg' title=\"\" data-rl_title=\"\" class=\"rl-gallery-link\" data-rl_caption=\"\" data-rel=\"gallery-1-gallery-1\"><img loading=\"lazy\" decoding=\"async\" width=\"150\" height=\"150\" src=\"https:\/\/hotel-mirni-kutak.hr\/wp-content\/uploads\/2020\/03\/20200302_182019-150x150.jpg\" class=\"attachment-thumbnail size-thumbnail\" alt=\"\" \/><\/a>\n\t\t\t<\/dt><\/dl><br style=\"clear: both\" \/>\n\t\t<\/div>\n<\/p>","protected":false},"excerpt":{"rendered":"<p>Das Restaurant hat eine lange Tradition und Qualit\u00e4t. Gewinner des 100 TOP CROATIAN RESTAURANTS-Bands. Es bietet eine breite und reichhaltige Auswahl an &#8222;la card&#8220; -Men\u00fcs und bietet den Komfort und [&hellip;]<\/p>\n","protected":false},"author":1001008,"featured_media":0,"parent":6,"menu_order":0,"comment_status":"open","ping_status":"open","template":"","meta":{"footnotes":""},"class_list":["post-26","page","type-page","status-publish","hentry"],"_links":{"self":[{"href":"https:\/\/hotel-mirni-kutak.hr\/de\/wp-json\/wp\/v2\/pages\/26","targetHints":{"allow":["GET"]}}],"collection":[{"href":"https:\/\/hotel-mirni-kutak.hr\/de\/wp-json\/wp\/v2\/pages"}],"about":[{"href":"https:\/\/hotel-mirni-kutak.hr\/de\/wp-json\/wp\/v2\/types\/page"}],"author":[{"embeddable":true,"href":"https:\/\/hotel-mirni-kutak.hr\/de\/wp-json\/wp\/v2\/users\/1001008"}],"replies":[{"embeddable":true,"href":"https:\/\/hotel-mirni-kutak.hr\/de\/wp-json\/wp\/v2\/comments?post=26"}],"version-history":[{"count":11,"href":"https:\/\/hotel-mirni-kutak.hr\/de\/wp-json\/wp\/v2\/pages\/26\/revisions"}],"predecessor-version":[{"id":827,"href":"https:\/\/hotel-mirni-kutak.hr\/de\/wp-json\/wp\/v2\/pages\/26\/revisions\/827"}],"up":[{"embeddable":true,"href":"https:\/\/hotel-mirni-kutak.hr\/de\/wp-json\/wp\/v2\/pages\/6"}],"wp:attachment":[{"href":"https:\/\/hotel-mirni-kutak.hr\/de\/wp-json\/wp\/v2\/media?parent=26"}],"curies":[{"name":"wp","href":"https:\/\/api.w.org\/{rel}","templated":true}]}}