
{"id":2,"date":"2014-07-09T11:54:42","date_gmt":"2014-07-09T11:54:42","guid":{"rendered":"http:\/\/hotel-mirni-kutak.hr\/?page_id=2"},"modified":"2020-03-02T09:01:02","modified_gmt":"2020-03-02T08:01:02","slug":"sample-page","status":"publish","type":"page","link":"https:\/\/hotel-mirni-kutak.hr\/de\/unterkunft\/","title":{"rendered":"Unterkunft"},"content":{"rendered":"<p><a href=\"http:\/\/hotel-mirni-kutak.hr\/wp-content\/uploads\/2020\/03\/1997214786_20190429_131752_562569-4.jpg\" data-rel=\"gallery-1-image-0\" data-rl_title=\"\" data-rl_caption=\"\" title=\"\"><img loading=\"lazy\" decoding=\"async\" class=\"img-responsive alignnone wp-image-766 size-full\" src=\"http:\/\/hotel-mirni-kutak.hr\/wp-content\/uploads\/2020\/03\/1997214786_20190429_131752_562569-4.jpg\" alt=\"\" width=\"1600\" height=\"1112\" srcset=\"https:\/\/hotel-mirni-kutak.hr\/wp-content\/uploads\/2020\/03\/1997214786_20190429_131752_562569-4.jpg 1600w, https:\/\/hotel-mirni-kutak.hr\/wp-content\/uploads\/2020\/03\/1997214786_20190429_131752_562569-4-300x209.jpg 300w, https:\/\/hotel-mirni-kutak.hr\/wp-content\/uploads\/2020\/03\/1997214786_20190429_131752_562569-4-1024x712.jpg 1024w, https:\/\/hotel-mirni-kutak.hr\/wp-content\/uploads\/2020\/03\/1997214786_20190429_131752_562569-4-768x534.jpg 768w, https:\/\/hotel-mirni-kutak.hr\/wp-content\/uploads\/2020\/03\/1997214786_20190429_131752_562569-4-1536x1068.jpg 1536w\" sizes=\"auto, (max-width: 1600px) 100vw, 1600px\" \/><\/a><br \/>\nHotel Mirni Kutak verf\u00fcgt \u00fcber <strong>30 modern eingerichtete Zimmer<\/strong> (66 Betten) mit Heizung und Klimaanlage in jedem Zimmer.<br \/>\nW\u00e4hrend in jedem Zimmer bieten wir Ihnen eine Minibar, Telefon, Sat-TV mit einem Wecker, kostenlosen Internetzugang &#8211; W-LAN, Schreibtisch, Haartrockner und Bad-Accessoires.<br \/>\n<strong>Spezifikation der Zimmereinteilung:<\/strong><\/p>\n<ul>\n<li>Einzelzimmer mit einem Doppelbett f\u00fcr zwei Personen + Zusatzbett<\/li>\n<li>Zweibett- oder Doppelzimmer + Zusatzbett<\/li>\n<li>Dreibett-Zimmer mit drei getrennten Betten + Zusatzbett<\/li>\n<li>Apartment-Suiten &#8211; Familienzimmer (Wohnzimmer + Schlafzimmer)<\/li>\n<\/ul>\n<p>\n\t\t<style type=\"text\/css\">\n\t\t\t#gallery-1 {\n\t\t\t\tmargin: auto;\n\t\t\t}\n\t\t\t#gallery-1 .gallery-item {\n\t\t\t\tfloat: left;\n\t\t\t\tmargin-top: 10px;\n\t\t\t\ttext-align: center;\n\t\t\t\twidth: 25%;\n\t\t\t}\n\t\t\t#gallery-1 img {\n\t\t\t\tborder: 2px solid #cfcfcf;\n\t\t\t}\n\t\t\t#gallery-1 .gallery-caption {\n\t\t\t\tmargin-left: 0;\n\t\t\t}\n\t\t\t\/* see gallery_shortcode() in wp-includes\/media.php *\/\n\t\t<\/style>\n\t\t<div id='gallery-1' class='gallery galleryid-2 gallery-columns-4 gallery-size-thumbnail'><dl class='gallery-item'>\n\t\t\t<dt class='gallery-icon landscape'>\n\t\t\t\t<a href='https:\/\/hotel-mirni-kutak.hr\/wp-content\/uploads\/2020\/03\/20190429_130939-1.jpg' title=\"\" data-rl_title=\"\" class=\"rl-gallery-link\" data-rl_caption=\"\" data-rel=\"gallery-1-gallery-1\"><img loading=\"lazy\" decoding=\"async\" width=\"150\" height=\"150\" src=\"https:\/\/hotel-mirni-kutak.hr\/wp-content\/uploads\/2020\/03\/20190429_130939-1-150x150.jpg\" class=\"attachment-thumbnail size-thumbnail\" alt=\"\" \/><\/a>\n\t\t\t<\/dt><\/dl><dl class='gallery-item'>\n\t\t\t<dt class='gallery-icon landscape'>\n\t\t\t\t<a href='https:\/\/hotel-mirni-kutak.hr\/wp-content\/uploads\/2020\/03\/20180708_161750-1.jpg' title=\"\" data-rl_title=\"\" class=\"rl-gallery-link\" data-rl_caption=\"\" data-rel=\"gallery-1-gallery-1\"><img loading=\"lazy\" decoding=\"async\" width=\"150\" height=\"150\" src=\"https:\/\/hotel-mirni-kutak.hr\/wp-content\/uploads\/2020\/03\/20180708_161750-1-150x150.jpg\" class=\"attachment-thumbnail size-thumbnail\" alt=\"\" \/><\/a>\n\t\t\t<\/dt><\/dl><dl class='gallery-item'>\n\t\t\t<dt class='gallery-icon portrait'>\n\t\t\t\t<a href='https:\/\/hotel-mirni-kutak.hr\/wp-content\/uploads\/2020\/03\/497375763_20190429_131032_600855-1.jpg' title=\"\" data-rl_title=\"\" class=\"rl-gallery-link\" data-rl_caption=\"\" data-rel=\"gallery-1-gallery-1\"><img loading=\"lazy\" decoding=\"async\" width=\"150\" height=\"150\" src=\"https:\/\/hotel-mirni-kutak.hr\/wp-content\/uploads\/2020\/03\/497375763_20190429_131032_600855-1-150x150.jpg\" class=\"attachment-thumbnail size-thumbnail\" alt=\"\" \/><\/a>\n\t\t\t<\/dt><\/dl><dl class='gallery-item'>\n\t\t\t<dt class='gallery-icon landscape'>\n\t\t\t\t<a href='https:\/\/hotel-mirni-kutak.hr\/wp-content\/uploads\/2020\/03\/550078654_20190429_132224_725125-1.jpg' title=\"\" data-rl_title=\"\" class=\"rl-gallery-link\" data-rl_caption=\"\" data-rel=\"gallery-1-gallery-1\"><img loading=\"lazy\" decoding=\"async\" width=\"150\" height=\"150\" src=\"https:\/\/hotel-mirni-kutak.hr\/wp-content\/uploads\/2020\/03\/550078654_20190429_132224_725125-1-150x150.jpg\" class=\"attachment-thumbnail size-thumbnail\" alt=\"\" \/><\/a>\n\t\t\t<\/dt><\/dl><br style=\"clear: both\" \/><dl class='gallery-item'>\n\t\t\t<dt class='gallery-icon landscape'>\n\t\t\t\t<a href='https:\/\/hotel-mirni-kutak.hr\/wp-content\/uploads\/2020\/03\/20180708_161425-1.jpg' title=\"\" data-rl_title=\"\" class=\"rl-gallery-link\" data-rl_caption=\"\" data-rel=\"gallery-1-gallery-1\"><img loading=\"lazy\" decoding=\"async\" width=\"150\" height=\"150\" src=\"https:\/\/hotel-mirni-kutak.hr\/wp-content\/uploads\/2020\/03\/20180708_161425-1-150x150.jpg\" class=\"attachment-thumbnail size-thumbnail\" alt=\"\" \/><\/a>\n\t\t\t<\/dt><\/dl><dl class='gallery-item'>\n\t\t\t<dt class='gallery-icon portrait'>\n\t\t\t\t<a href='https:\/\/hotel-mirni-kutak.hr\/wp-content\/uploads\/2020\/03\/20180708_163651-1.jpg' title=\"\" data-rl_title=\"\" class=\"rl-gallery-link\" data-rl_caption=\"\" data-rel=\"gallery-1-gallery-1\"><img loading=\"lazy\" decoding=\"async\" width=\"150\" height=\"150\" src=\"https:\/\/hotel-mirni-kutak.hr\/wp-content\/uploads\/2020\/03\/20180708_163651-1-150x150.jpg\" class=\"attachment-thumbnail size-thumbnail\" alt=\"\" \/><\/a>\n\t\t\t<\/dt><\/dl><dl class='gallery-item'>\n\t\t\t<dt class='gallery-icon landscape'>\n\t\t\t\t<a href='https:\/\/hotel-mirni-kutak.hr\/wp-content\/uploads\/2020\/03\/20190429_131158-1.jpg' title=\"\" data-rl_title=\"\" class=\"rl-gallery-link\" data-rl_caption=\"\" data-rel=\"gallery-1-gallery-1\"><img loading=\"lazy\" decoding=\"async\" width=\"150\" height=\"150\" src=\"https:\/\/hotel-mirni-kutak.hr\/wp-content\/uploads\/2020\/03\/20190429_131158-1-150x150.jpg\" class=\"attachment-thumbnail size-thumbnail\" alt=\"\" \/><\/a>\n\t\t\t<\/dt><\/dl><dl class='gallery-item'>\n\t\t\t<dt class='gallery-icon portrait'>\n\t\t\t\t<a href='https:\/\/hotel-mirni-kutak.hr\/wp-content\/uploads\/2020\/03\/211050249_20190429_131938_719527-1.jpg' title=\"\" data-rl_title=\"\" class=\"rl-gallery-link\" data-rl_caption=\"\" data-rel=\"gallery-1-gallery-1\"><img loading=\"lazy\" decoding=\"async\" width=\"150\" height=\"150\" src=\"https:\/\/hotel-mirni-kutak.hr\/wp-content\/uploads\/2020\/03\/211050249_20190429_131938_719527-1-150x150.jpg\" class=\"attachment-thumbnail size-thumbnail\" alt=\"\" \/><\/a>\n\t\t\t<\/dt><\/dl><br style=\"clear: both\" \/><dl class='gallery-item'>\n\t\t\t<dt class='gallery-icon landscape'>\n\t\t\t\t<a href='https:\/\/hotel-mirni-kutak.hr\/wp-content\/uploads\/2020\/03\/272826251_20190429_131631_638428-1.jpg' title=\"\" data-rl_title=\"\" class=\"rl-gallery-link\" data-rl_caption=\"\" data-rel=\"gallery-1-gallery-1\"><img loading=\"lazy\" decoding=\"async\" width=\"150\" height=\"150\" src=\"https:\/\/hotel-mirni-kutak.hr\/wp-content\/uploads\/2020\/03\/272826251_20190429_131631_638428-1-150x150.jpg\" class=\"attachment-thumbnail size-thumbnail\" alt=\"\" \/><\/a>\n\t\t\t<\/dt><\/dl><dl class='gallery-item'>\n\t\t\t<dt class='gallery-icon landscape'>\n\t\t\t\t<a href='https:\/\/hotel-mirni-kutak.hr\/wp-content\/uploads\/2020\/03\/367164358_20190429_131836_604839-1.jpg' title=\"\" data-rl_title=\"\" class=\"rl-gallery-link\" data-rl_caption=\"\" data-rel=\"gallery-1-gallery-1\"><img loading=\"lazy\" decoding=\"async\" width=\"150\" height=\"150\" src=\"https:\/\/hotel-mirni-kutak.hr\/wp-content\/uploads\/2020\/03\/367164358_20190429_131836_604839-1-150x150.jpg\" class=\"attachment-thumbnail size-thumbnail\" alt=\"\" \/><\/a>\n\t\t\t<\/dt><\/dl><dl class='gallery-item'>\n\t\t\t<dt class='gallery-icon landscape'>\n\t\t\t\t<a href='https:\/\/hotel-mirni-kutak.hr\/wp-content\/uploads\/2020\/03\/851830593_20190429_132132_616101-1.jpg' title=\"\" data-rl_title=\"\" class=\"rl-gallery-link\" data-rl_caption=\"\" data-rel=\"gallery-1-gallery-1\"><img loading=\"lazy\" decoding=\"async\" width=\"150\" height=\"150\" src=\"https:\/\/hotel-mirni-kutak.hr\/wp-content\/uploads\/2020\/03\/851830593_20190429_132132_616101-1-150x150.jpg\" class=\"attachment-thumbnail size-thumbnail\" alt=\"\" \/><\/a>\n\t\t\t<\/dt><\/dl><dl class='gallery-item'>\n\t\t\t<dt class='gallery-icon landscape'>\n\t\t\t\t<a href='https:\/\/hotel-mirni-kutak.hr\/wp-content\/uploads\/2020\/03\/1168984656_20180708_163033_217280-1.jpg' title=\"\" data-rl_title=\"\" class=\"rl-gallery-link\" data-rl_caption=\"\" data-rel=\"gallery-1-gallery-1\"><img loading=\"lazy\" decoding=\"async\" width=\"150\" height=\"150\" src=\"https:\/\/hotel-mirni-kutak.hr\/wp-content\/uploads\/2020\/03\/1168984656_20180708_163033_217280-1-150x150.jpg\" class=\"attachment-thumbnail size-thumbnail\" alt=\"\" \/><\/a>\n\t\t\t<\/dt><\/dl><br style=\"clear: both\" \/><dl class='gallery-item'>\n\t\t\t<dt class='gallery-icon landscape'>\n\t\t\t\t<a href='https:\/\/hotel-mirni-kutak.hr\/wp-content\/uploads\/2020\/03\/1997214786_20190429_131752_562569-1.jpg' title=\"\" data-rl_title=\"\" class=\"rl-gallery-link\" data-rl_caption=\"\" data-rel=\"gallery-1-gallery-1\"><img loading=\"lazy\" decoding=\"async\" width=\"150\" height=\"150\" src=\"https:\/\/hotel-mirni-kutak.hr\/wp-content\/uploads\/2020\/03\/1997214786_20190429_131752_562569-1-150x150.jpg\" class=\"attachment-thumbnail size-thumbnail\" alt=\"\" \/><\/a>\n\t\t\t<\/dt><\/dl><dl class='gallery-item'>\n\t\t\t<dt class='gallery-icon landscape'>\n\t\t\t\t<a href='https:\/\/hotel-mirni-kutak.hr\/wp-content\/uploads\/2020\/03\/2012781958_20190429_132113_812143-1.jpg' title=\"\" data-rl_title=\"\" class=\"rl-gallery-link\" data-rl_caption=\"\" data-rel=\"gallery-1-gallery-1\"><img loading=\"lazy\" decoding=\"async\" width=\"150\" height=\"150\" src=\"https:\/\/hotel-mirni-kutak.hr\/wp-content\/uploads\/2020\/03\/2012781958_20190429_132113_812143-1-150x150.jpg\" class=\"attachment-thumbnail size-thumbnail\" alt=\"\" \/><\/a>\n\t\t\t<\/dt><\/dl><dl class='gallery-item'>\n\t\t\t<dt class='gallery-icon portrait'>\n\t\t\t\t<a href='https:\/\/hotel-mirni-kutak.hr\/wp-content\/uploads\/2020\/03\/20190429_125858-1.jpg' title=\"\" data-rl_title=\"\" class=\"rl-gallery-link\" data-rl_caption=\"\" data-rel=\"gallery-1-gallery-1\"><img loading=\"lazy\" decoding=\"async\" width=\"150\" height=\"150\" src=\"https:\/\/hotel-mirni-kutak.hr\/wp-content\/uploads\/2020\/03\/20190429_125858-1-150x150.jpg\" class=\"attachment-thumbnail size-thumbnail\" alt=\"\" \/><\/a>\n\t\t\t<\/dt><\/dl><dl class='gallery-item'>\n\t\t\t<dt class='gallery-icon portrait'>\n\t\t\t\t<a href='https:\/\/hotel-mirni-kutak.hr\/wp-content\/uploads\/2020\/03\/20190429_1258581-1.jpg' title=\"\" data-rl_title=\"\" class=\"rl-gallery-link\" data-rl_caption=\"\" data-rel=\"gallery-1-gallery-1\"><img loading=\"lazy\" decoding=\"async\" width=\"150\" height=\"150\" src=\"https:\/\/hotel-mirni-kutak.hr\/wp-content\/uploads\/2020\/03\/20190429_1258581-1-150x150.jpg\" class=\"attachment-thumbnail size-thumbnail\" alt=\"\" \/><\/a>\n\t\t\t<\/dt><\/dl><br style=\"clear: both\" \/><dl class='gallery-item'>\n\t\t\t<dt class='gallery-icon portrait'>\n\t\t\t\t<a href='https:\/\/hotel-mirni-kutak.hr\/wp-content\/uploads\/2020\/03\/20190429_130042-1.jpg' title=\"\" data-rl_title=\"\" class=\"rl-gallery-link\" data-rl_caption=\"\" data-rel=\"gallery-1-gallery-1\"><img loading=\"lazy\" decoding=\"async\" width=\"150\" height=\"150\" src=\"https:\/\/hotel-mirni-kutak.hr\/wp-content\/uploads\/2020\/03\/20190429_130042-1-150x150.jpg\" class=\"attachment-thumbnail size-thumbnail\" alt=\"\" \/><\/a>\n\t\t\t<\/dt><\/dl><dl class='gallery-item'>\n\t\t\t<dt class='gallery-icon portrait'>\n\t\t\t\t<a href='https:\/\/hotel-mirni-kutak.hr\/wp-content\/uploads\/2020\/03\/20190429_130103-1.jpg' title=\"\" data-rl_title=\"\" class=\"rl-gallery-link\" data-rl_caption=\"\" data-rel=\"gallery-1-gallery-1\"><img loading=\"lazy\" decoding=\"async\" width=\"150\" height=\"150\" src=\"https:\/\/hotel-mirni-kutak.hr\/wp-content\/uploads\/2020\/03\/20190429_130103-1-150x150.jpg\" class=\"attachment-thumbnail size-thumbnail\" alt=\"\" \/><\/a>\n\t\t\t<\/dt><\/dl><dl class='gallery-item'>\n\t\t\t<dt class='gallery-icon portrait'>\n\t\t\t\t<a href='https:\/\/hotel-mirni-kutak.hr\/wp-content\/uploads\/2014\/07\/Hotel-Mirni-Kutak-2015-New-67.jpg' title=\"\" data-rl_title=\"\" class=\"rl-gallery-link\" data-rl_caption=\"\" data-rel=\"gallery-1-gallery-1\"><img loading=\"lazy\" decoding=\"async\" width=\"150\" height=\"150\" src=\"https:\/\/hotel-mirni-kutak.hr\/wp-content\/uploads\/2014\/07\/Hotel-Mirni-Kutak-2015-New-67-150x150.jpg\" class=\"attachment-thumbnail size-thumbnail\" alt=\"\" aria-describedby=\"gallery-1-478\" \/><\/a>\n\t\t\t<\/dt>\n\t\t\t\t<dd class='wp-caption-text gallery-caption' id='gallery-1-478'>\n\t\t\t\tHodnik hotela \n\t\t\t\t<\/dd><\/dl><dl class='gallery-item'>\n\t\t\t<dt class='gallery-icon landscape'>\n\t\t\t\t<a href='https:\/\/hotel-mirni-kutak.hr\/wp-content\/uploads\/2014\/07\/Hotel-Mirni-Kutak-2015-New-68.jpg' title=\"\" data-rl_title=\"\" class=\"rl-gallery-link\" data-rl_caption=\"\" data-rel=\"gallery-1-gallery-1\"><img loading=\"lazy\" decoding=\"async\" width=\"150\" height=\"150\" src=\"https:\/\/hotel-mirni-kutak.hr\/wp-content\/uploads\/2014\/07\/Hotel-Mirni-Kutak-2015-New-68-150x150.jpg\" class=\"attachment-thumbnail size-thumbnail\" alt=\"\" aria-describedby=\"gallery-1-479\" \/><\/a>\n\t\t\t<\/dt>\n\t\t\t\t<dd class='wp-caption-text gallery-caption' id='gallery-1-479'>\n\t\t\t\tHodnik hotela \n\t\t\t\t<\/dd><\/dl><br style=\"clear: both\" \/><dl class='gallery-item'>\n\t\t\t<dt class='gallery-icon landscape'>\n\t\t\t\t<a href='https:\/\/hotel-mirni-kutak.hr\/wp-content\/uploads\/2014\/07\/Hotel-Mirni-Kutak-2015-New-70.jpg' title=\"\" data-rl_title=\"\" class=\"rl-gallery-link\" data-rl_caption=\"\" data-rel=\"gallery-1-gallery-1\"><img loading=\"lazy\" decoding=\"async\" width=\"150\" height=\"150\" src=\"https:\/\/hotel-mirni-kutak.hr\/wp-content\/uploads\/2014\/07\/Hotel-Mirni-Kutak-2015-New-70-150x150.jpg\" class=\"attachment-thumbnail size-thumbnail\" alt=\"\" aria-describedby=\"gallery-1-480\" \/><\/a>\n\t\t\t<\/dt>\n\t\t\t\t<dd class='wp-caption-text gallery-caption' id='gallery-1-480'>\n\t\t\t\tHodnik hotela \n\t\t\t\t<\/dd><\/dl><dl class='gallery-item'>\n\t\t\t<dt class='gallery-icon portrait'>\n\t\t\t\t<a href='https:\/\/hotel-mirni-kutak.hr\/wp-content\/uploads\/2014\/07\/Hotel-Mirni-Kutak-2015-New-71.jpg' title=\"\" data-rl_title=\"\" class=\"rl-gallery-link\" data-rl_caption=\"\" data-rel=\"gallery-1-gallery-1\"><img loading=\"lazy\" decoding=\"async\" width=\"150\" height=\"150\" src=\"https:\/\/hotel-mirni-kutak.hr\/wp-content\/uploads\/2014\/07\/Hotel-Mirni-Kutak-2015-New-71-150x150.jpg\" class=\"attachment-thumbnail size-thumbnail\" alt=\"\" aria-describedby=\"gallery-1-481\" \/><\/a>\n\t\t\t<\/dt>\n\t\t\t\t<dd class='wp-caption-text gallery-caption' id='gallery-1-481'>\n\t\t\t\tHodnik hotela &#8211; stubi\u0161te\n\t\t\t\t<\/dd><\/dl><dl class='gallery-item'>\n\t\t\t<dt class='gallery-icon portrait'>\n\t\t\t\t<a href='https:\/\/hotel-mirni-kutak.hr\/wp-content\/uploads\/2014\/07\/Hotel-Mirni-Kutak-2015-New-72.jpg' title=\"\" data-rl_title=\"\" class=\"rl-gallery-link\" data-rl_caption=\"\" data-rel=\"gallery-1-gallery-1\"><img loading=\"lazy\" decoding=\"async\" width=\"150\" height=\"150\" src=\"https:\/\/hotel-mirni-kutak.hr\/wp-content\/uploads\/2014\/07\/Hotel-Mirni-Kutak-2015-New-72-150x150.jpg\" class=\"attachment-thumbnail size-thumbnail\" alt=\"\" aria-describedby=\"gallery-1-482\" \/><\/a>\n\t\t\t<\/dt>\n\t\t\t\t<dd class='wp-caption-text gallery-caption' id='gallery-1-482'>\n\t\t\t\tHodnik hotela \n\t\t\t\t<\/dd><\/dl><dl class='gallery-item'>\n\t\t\t<dt class='gallery-icon landscape'>\n\t\t\t\t<a href='https:\/\/hotel-mirni-kutak.hr\/wp-content\/uploads\/2014\/07\/Hotel-Mirni-Kutak-2015-New-73.jpg' title=\"\" data-rl_title=\"\" class=\"rl-gallery-link\" data-rl_caption=\"\" data-rel=\"gallery-1-gallery-1\"><img loading=\"lazy\" decoding=\"async\" width=\"150\" height=\"150\" src=\"https:\/\/hotel-mirni-kutak.hr\/wp-content\/uploads\/2014\/07\/Hotel-Mirni-Kutak-2015-New-73-150x150.jpg\" class=\"attachment-thumbnail size-thumbnail\" alt=\"\" aria-describedby=\"gallery-1-483\" \/><\/a>\n\t\t\t<\/dt>\n\t\t\t\t<dd class='wp-caption-text gallery-caption' id='gallery-1-483'>\n\t\t\t\tHodnik hotela \n\t\t\t\t<\/dd><\/dl><br style=\"clear: both\" \/><dl class='gallery-item'>\n\t\t\t<dt class='gallery-icon landscape'>\n\t\t\t\t<a href='https:\/\/hotel-mirni-kutak.hr\/wp-content\/uploads\/2014\/07\/Hotel-Mirni-Kutak-2015-New-74.jpg' title=\"\" data-rl_title=\"\" class=\"rl-gallery-link\" data-rl_caption=\"\" data-rel=\"gallery-1-gallery-1\"><img loading=\"lazy\" decoding=\"async\" width=\"150\" height=\"150\" src=\"https:\/\/hotel-mirni-kutak.hr\/wp-content\/uploads\/2014\/07\/Hotel-Mirni-Kutak-2015-New-74-150x150.jpg\" class=\"attachment-thumbnail size-thumbnail\" alt=\"\" aria-describedby=\"gallery-1-484\" \/><\/a>\n\t\t\t<\/dt>\n\t\t\t\t<dd class='wp-caption-text gallery-caption' id='gallery-1-484'>\n\t\t\t\tHodnik hotela \n\t\t\t\t<\/dd><\/dl><dl class='gallery-item'>\n\t\t\t<dt class='gallery-icon portrait'>\n\t\t\t\t<a href='https:\/\/hotel-mirni-kutak.hr\/wp-content\/uploads\/2014\/07\/Hotel-Mirni-Kutak-2015-New-76.jpg' title=\"\" data-rl_title=\"\" class=\"rl-gallery-link\" data-rl_caption=\"\" data-rel=\"gallery-1-gallery-1\"><img loading=\"lazy\" decoding=\"async\" width=\"150\" height=\"150\" src=\"https:\/\/hotel-mirni-kutak.hr\/wp-content\/uploads\/2014\/07\/Hotel-Mirni-Kutak-2015-New-76-150x150.jpg\" class=\"attachment-thumbnail size-thumbnail\" alt=\"\" aria-describedby=\"gallery-1-485\" \/><\/a>\n\t\t\t<\/dt>\n\t\t\t\t<dd class='wp-caption-text gallery-caption' id='gallery-1-485'>\n\t\t\t\tHodnik hotela \n\t\t\t\t<\/dd><\/dl><dl class='gallery-item'>\n\t\t\t<dt class='gallery-icon portrait'>\n\t\t\t\t<a href='https:\/\/hotel-mirni-kutak.hr\/wp-content\/uploads\/2014\/07\/Hotel-Mirni-Kutak-2015-New-23.jpg' title=\"\" data-rl_title=\"\" class=\"rl-gallery-link\" data-rl_caption=\"\" data-rel=\"gallery-1-gallery-1\"><img loading=\"lazy\" decoding=\"async\" width=\"150\" height=\"150\" src=\"https:\/\/hotel-mirni-kutak.hr\/wp-content\/uploads\/2014\/07\/Hotel-Mirni-Kutak-2015-New-23-150x150.jpg\" class=\"attachment-thumbnail size-thumbnail\" alt=\"\" aria-describedby=\"gallery-1-448\" \/><\/a>\n\t\t\t<\/dt>\n\t\t\t\t<dd class='wp-caption-text gallery-caption' id='gallery-1-448'>\n\t\t\t\tWC\/Toalet u sobi\n\t\t\t\t<\/dd><\/dl><dl class='gallery-item'>\n\t\t\t<dt class='gallery-icon portrait'>\n\t\t\t\t<a href='https:\/\/hotel-mirni-kutak.hr\/wp-content\/uploads\/2014\/07\/Hotel-Mirni-Kutak-2015-New-35.jpg' title=\"\" data-rl_title=\"\" class=\"rl-gallery-link\" data-rl_caption=\"\" data-rel=\"gallery-1-gallery-1\"><img loading=\"lazy\" decoding=\"async\" width=\"150\" height=\"150\" src=\"https:\/\/hotel-mirni-kutak.hr\/wp-content\/uploads\/2014\/07\/Hotel-Mirni-Kutak-2015-New-35-150x150.jpg\" class=\"attachment-thumbnail size-thumbnail\" alt=\"\" aria-describedby=\"gallery-1-456\" \/><\/a>\n\t\t\t<\/dt>\n\t\t\t\t<dd class='wp-caption-text gallery-caption' id='gallery-1-456'>\n\t\t\t\tWC\/Toalet u sobi  \n\t\t\t\t<\/dd><\/dl><br style=\"clear: both\" \/><dl class='gallery-item'>\n\t\t\t<dt class='gallery-icon portrait'>\n\t\t\t\t<a href='https:\/\/hotel-mirni-kutak.hr\/wp-content\/uploads\/2014\/07\/Hotel-Mirni-Kutak-2015-New-22.jpg' title=\"\" data-rl_title=\"\" class=\"rl-gallery-link\" data-rl_caption=\"\" data-rel=\"gallery-1-gallery-1\"><img loading=\"lazy\" decoding=\"async\" width=\"150\" height=\"150\" src=\"https:\/\/hotel-mirni-kutak.hr\/wp-content\/uploads\/2014\/07\/Hotel-Mirni-Kutak-2015-New-22-150x150.jpg\" class=\"attachment-thumbnail size-thumbnail\" alt=\"\" aria-describedby=\"gallery-1-447\" \/><\/a>\n\t\t\t<\/dt>\n\t\t\t\t<dd class='wp-caption-text gallery-caption' id='gallery-1-447'>\n\t\t\t\tWC\/Toalet u sobi \n\t\t\t\t<\/dd><\/dl><dl class='gallery-item'>\n\t\t\t<dt class='gallery-icon portrait'>\n\t\t\t\t<a href='https:\/\/hotel-mirni-kutak.hr\/wp-content\/uploads\/2014\/07\/Hotel-Mirni-Kutak-2015-New-20.jpg' title=\"\" data-rl_title=\"\" class=\"rl-gallery-link\" data-rl_caption=\"\" data-rel=\"gallery-1-gallery-1\"><img loading=\"lazy\" decoding=\"async\" width=\"150\" height=\"150\" src=\"https:\/\/hotel-mirni-kutak.hr\/wp-content\/uploads\/2014\/07\/Hotel-Mirni-Kutak-2015-New-20-150x150.jpg\" class=\"attachment-thumbnail size-thumbnail\" alt=\"\" aria-describedby=\"gallery-1-445\" \/><\/a>\n\t\t\t<\/dt>\n\t\t\t\t<dd class='wp-caption-text gallery-caption' id='gallery-1-445'>\n\t\t\t\tWC\/Toalet u sobi \n\t\t\t\t<\/dd><\/dl><dl class='gallery-item'>\n\t\t\t<dt class='gallery-icon portrait'>\n\t\t\t\t<a href='https:\/\/hotel-mirni-kutak.hr\/wp-content\/uploads\/2014\/07\/Hotel-Mirni-Kutak-2015-New-21.jpg' title=\"\" data-rl_title=\"\" class=\"rl-gallery-link\" data-rl_caption=\"\" data-rel=\"gallery-1-gallery-1\"><img loading=\"lazy\" decoding=\"async\" width=\"150\" height=\"150\" src=\"https:\/\/hotel-mirni-kutak.hr\/wp-content\/uploads\/2014\/07\/Hotel-Mirni-Kutak-2015-New-21-150x150.jpg\" class=\"attachment-thumbnail size-thumbnail\" alt=\"\" aria-describedby=\"gallery-1-446\" \/><\/a>\n\t\t\t<\/dt>\n\t\t\t\t<dd class='wp-caption-text gallery-caption' id='gallery-1-446'>\n\t\t\t\tWC\/Toalet u sobi \n\t\t\t\t<\/dd><\/dl><dl class='gallery-item'>\n\t\t\t<dt class='gallery-icon portrait'>\n\t\t\t\t<a href='https:\/\/hotel-mirni-kutak.hr\/wp-content\/uploads\/2014\/07\/Hotel-Mirni-Kutak-2015-New-18.jpg' title=\"\" data-rl_title=\"\" class=\"rl-gallery-link\" data-rl_caption=\"\" data-rel=\"gallery-1-gallery-1\"><img loading=\"lazy\" decoding=\"async\" width=\"150\" height=\"150\" src=\"https:\/\/hotel-mirni-kutak.hr\/wp-content\/uploads\/2014\/07\/Hotel-Mirni-Kutak-2015-New-18-150x150.jpg\" class=\"attachment-thumbnail size-thumbnail\" alt=\"\" aria-describedby=\"gallery-1-444\" \/><\/a>\n\t\t\t<\/dt>\n\t\t\t\t<dd class='wp-caption-text gallery-caption' id='gallery-1-444'>\n\t\t\t\tWC\/Toalet u sobi \n\t\t\t\t<\/dd><\/dl><br style=\"clear: both\" \/>\n\t\t<\/div>\n<\/p>","protected":false},"excerpt":{"rendered":"<p>Hotel Mirni Kutak verf\u00fcgt \u00fcber 30 modern eingerichtete Zimmer (66 Betten) mit Heizung und Klimaanlage in jedem Zimmer. W\u00e4hrend in jedem Zimmer bieten wir Ihnen eine Minibar, Telefon, Sat-TV mit [&hellip;]<\/p>\n","protected":false},"author":1001008,"featured_media":0,"parent":0,"menu_order":0,"comment_status":"open","ping_status":"open","template":"page-full.php","meta":{"footnotes":""},"class_list":["post-2","page","type-page","status-publish","hentry"],"_links":{"self":[{"href":"https:\/\/hotel-mirni-kutak.hr\/de\/wp-json\/wp\/v2\/pages\/2","targetHints":{"allow":["GET"]}}],"collection":[{"href":"https:\/\/hotel-mirni-kutak.hr\/de\/wp-json\/wp\/v2\/pages"}],"about":[{"href":"https:\/\/hotel-mirni-kutak.hr\/de\/wp-json\/wp\/v2\/types\/page"}],"author":[{"embeddable":true,"href":"https:\/\/hotel-mirni-kutak.hr\/de\/wp-json\/wp\/v2\/users\/1001008"}],"replies":[{"embeddable":true,"href":"https:\/\/hotel-mirni-kutak.hr\/de\/wp-json\/wp\/v2\/comments?post=2"}],"version-history":[{"count":37,"href":"https:\/\/hotel-mirni-kutak.hr\/de\/wp-json\/wp\/v2\/pages\/2\/revisions"}],"predecessor-version":[{"id":771,"href":"https:\/\/hotel-mirni-kutak.hr\/de\/wp-json\/wp\/v2\/pages\/2\/revisions\/771"}],"wp:attachment":[{"href":"https:\/\/hotel-mirni-kutak.hr\/de\/wp-json\/wp\/v2\/media?parent=2"}],"curies":[{"name":"wp","href":"https:\/\/api.w.org\/{rel}","templated":true}]}}