
{"id":172,"date":"2014-07-14T11:53:46","date_gmt":"2014-07-14T11:53:46","guid":{"rendered":"http:\/\/hotel-mirni-kutak.hr\/?page_id=172"},"modified":"2014-09-03T14:27:51","modified_gmt":"2014-09-03T12:27:51","slug":"kapelica-sedam-zalosti-blazene-djevice-marije","status":"publish","type":"page","link":"https:\/\/hotel-mirni-kutak.hr\/de\/ausfluege\/die-kapelle-der-sieben-traurigkeit\/","title":{"rendered":"Die Kapelle der Sieben Traurigkeit der seligen Jungfrau Maria"},"content":{"rendered":"<p><\/p>\n<h4 style=\"color: #808080;\"><strong style=\"color: #1c1c1c;\">Glaube im Gebet<\/strong><\/h4>\n<p style=\"color: #7f7f7f;\"><span style=\"color: #000000;\">W\u00e4hrend Ihres Aufenthaltes besuchen\u00a0<strong style=\"color: #1c1c1c;\">die Kapelle der Sieben Traurigkeit der seligen Jungfrau Maria aus dem 1725. G.<\/strong>\u00a0auf dem H\u00fcgel Fortica, und viele andere Feste. Die h\u00fcgelige Stra\u00dfe, die zur Kreuzkapelle f\u00fchrt in Stein gehauen mit den heiligen Bildern von Jesus und seinen Gl\u00e4ubigen..<\/span><\/p>\n<p>\n\t\t<style type=\"text\/css\">\n\t\t\t#gallery-1 {\n\t\t\t\tmargin: auto;\n\t\t\t}\n\t\t\t#gallery-1 .gallery-item {\n\t\t\t\tfloat: left;\n\t\t\t\tmargin-top: 10px;\n\t\t\t\ttext-align: center;\n\t\t\t\twidth: 33%;\n\t\t\t}\n\t\t\t#gallery-1 img {\n\t\t\t\tborder: 2px solid #cfcfcf;\n\t\t\t}\n\t\t\t#gallery-1 .gallery-caption {\n\t\t\t\tmargin-left: 0;\n\t\t\t}\n\t\t\t\/* see gallery_shortcode() in wp-includes\/media.php *\/\n\t\t<\/style>\n\t\t<div id='gallery-1' class='gallery galleryid-172 gallery-columns-3 gallery-size-thumbnail'><dl class='gallery-item'>\n\t\t\t<dt class='gallery-icon landscape'>\n\t\t\t\t<a href='https:\/\/hotel-mirni-kutak.hr\/wp-content\/uploads\/2014\/07\/Krasno-ger.jpg' title=\"\" data-rl_title=\"\" class=\"rl-gallery-link\" data-rl_caption=\"\" data-rel=\"gallery-1-gallery-1\"><img loading=\"lazy\" decoding=\"async\" width=\"150\" height=\"150\" src=\"https:\/\/hotel-mirni-kutak.hr\/wp-content\/uploads\/2014\/07\/Krasno-ger-150x150.jpg\" class=\"attachment-thumbnail size-thumbnail\" alt=\"\" \/><\/a>\n\t\t\t<\/dt><\/dl>\n\t\t\t<br style='clear: both' \/>\n\t\t<\/div>\n<\/p>","protected":false},"excerpt":{"rendered":"<p>Glaube im Gebet W\u00e4hrend Ihres Aufenthaltes besuchen\u00a0die Kapelle der Sieben Traurigkeit der seligen Jungfrau Maria aus dem 1725. G.\u00a0auf dem H\u00fcgel Fortica, und viele andere Feste. Die h\u00fcgelige Stra\u00dfe, die [&hellip;]<\/p>\n","protected":false},"author":1001008,"featured_media":0,"parent":10,"menu_order":0,"comment_status":"open","ping_status":"open","template":"","meta":{"footnotes":""},"class_list":["post-172","page","type-page","status-publish","hentry"],"_links":{"self":[{"href":"https:\/\/hotel-mirni-kutak.hr\/de\/wp-json\/wp\/v2\/pages\/172","targetHints":{"allow":["GET"]}}],"collection":[{"href":"https:\/\/hotel-mirni-kutak.hr\/de\/wp-json\/wp\/v2\/pages"}],"about":[{"href":"https:\/\/hotel-mirni-kutak.hr\/de\/wp-json\/wp\/v2\/types\/page"}],"author":[{"embeddable":true,"href":"https:\/\/hotel-mirni-kutak.hr\/de\/wp-json\/wp\/v2\/users\/1001008"}],"replies":[{"embeddable":true,"href":"https:\/\/hotel-mirni-kutak.hr\/de\/wp-json\/wp\/v2\/comments?post=172"}],"version-history":[{"count":7,"href":"https:\/\/hotel-mirni-kutak.hr\/de\/wp-json\/wp\/v2\/pages\/172\/revisions"}],"predecessor-version":[{"id":385,"href":"https:\/\/hotel-mirni-kutak.hr\/de\/wp-json\/wp\/v2\/pages\/172\/revisions\/385"}],"up":[{"embeddable":true,"href":"https:\/\/hotel-mirni-kutak.hr\/de\/wp-json\/wp\/v2\/pages\/10"}],"wp:attachment":[{"href":"https:\/\/hotel-mirni-kutak.hr\/de\/wp-json\/wp\/v2\/media?parent=172"}],"curies":[{"name":"wp","href":"https:\/\/api.w.org\/{rel}","templated":true}]}}