
{"id":16,"date":"2014-07-11T07:35:15","date_gmt":"2014-07-11T07:35:15","guid":{"rendered":"http:\/\/hotel-mirni-kutak.hr\/?page_id=16"},"modified":"2020-02-26T12:43:19","modified_gmt":"2020-02-26T11:43:19","slug":"kontakt","status":"publish","type":"page","link":"https:\/\/hotel-mirni-kutak.hr\/de\/kontakt\/","title":{"rendered":"Kontakt"},"content":{"rendered":"<p><\/p>\n<div class=\"col-xs-12 col-md-7\">\n<p style=\"text-align: left;\"><strong>Hotel Mirni Kutak Oto\u010dac<\/strong><\/p>\n<p style=\"text-align: left;\">Gornja Dubrava 63, 53 220 Oto\u010dac<br \/>\n<span style=\"color: #000000;\">Lika-senj Regionen Kroatien<\/span><br \/>\nTel:+385 (0)53 771 589<br \/>\nFax:+385 (0)53 771 590<br \/>\nGsm:+385 (0)91 580 14 03<br \/>\n<i class=\"fa fa-envelope\"><\/i> <a href=\"mailto:info@hotel-mirni-kutak.hr\">info@hotel-mirni-kutak.hr<\/a><\/p>\n<p><strong>Latitude \/ Longitude<\/strong><\/p>\n<p>44.87375414819046,15.256184935569763 (on <a href=\"http:\/\/maps.google.com\/maps?q=44.87375414819046,15.256184935569763\">Google Maps<\/a> and <a href=\"http:\/\/osm.org\/?mlat=44.87375414819046&amp;mlon=15.256184935569763&amp;zoom=15\">OpenStreetMap<\/a> )<\/p>\n<h3 style=\"color: #7f7f7f;\"><span style=\"color: #000000;\">Welche Vorteile bietet Ihnen unsere Lage im Tal des wundersch\u00f6nen Flusses Gacka, umkreist von unber\u00fchrter Natur?<\/span><\/h3>\n<p style=\"color: #7f7f7f;\"><span style=\"color: #000000;\">Die Qualit\u00e4t des Restaurants Mirni kutak beruht auf einer 21 Jahre langen Erfahrung, wobei wir eines der 100 f\u00fchrenden Restaurants in Kroatien sind.<\/span><\/p>\n<p style=\"color: #7f7f7f;\"><span style=\"color: #000000;\">Unser Restaurant befindet sich in der N\u00e4he mehrerer Wild- und Vogelfanglokalit\u00e4ten entlang des Flusses Gacka, der weltweit f\u00fcr seine Klarheit und den Sportfischfang bekannt ist.<\/span><\/p>\n<p style=\"color: #7f7f7f;\"><span style=\"color: #000000;\">W\u00e4hrend Ihres Besuchs veranstalten wir f\u00fcr Sie Ausf\u00fcge zu den Quellen des Flusses Gacka, zu den M\u00fchlen, zu Museen und arch\u00e4ologischen Fundst\u00e4tten, zum Schutzgebiet f\u00fcr junge B\u00e4ren in Kuterevo, zur Marienkirche in Krasno oder zum Schifahrtszentrum in Krasno.\u00a0<\/span><\/p>\n<p style=\"color: #7f7f7f;\"><span style=\"color: #000000;\">F\u00fcr Sportflugbegeisterte liegen wir ebenso g\u00fcnstig, n\u00e4mlich nur 3 km vom Sportflughafen.<\/span><\/p>\n<\/div>\n<div class=\"col-xs-12 col-md-5\">\n<div class=\"wpcf7 no-js\" id=\"wpcf7-f419-o1\" lang=\"en-US\" dir=\"ltr\" data-wpcf7-id=\"419\">\n<div class=\"screen-reader-response\"><p role=\"status\" aria-live=\"polite\" aria-atomic=\"true\"><\/p> <ul><\/ul><\/div>\n<form action=\"\/de\/wp-json\/wp\/v2\/pages\/16#wpcf7-f419-o1\" method=\"post\" class=\"wpcf7-form init\" aria-label=\"Contact form\" novalidate=\"novalidate\" data-status=\"init\">\n<fieldset class=\"hidden-fields-container\"><input type=\"hidden\" name=\"_wpcf7\" value=\"419\" \/><input type=\"hidden\" name=\"_wpcf7_version\" value=\"6.1.5\" \/><input type=\"hidden\" name=\"_wpcf7_locale\" value=\"en_US\" \/><input type=\"hidden\" name=\"_wpcf7_unit_tag\" value=\"wpcf7-f419-o1\" \/><input type=\"hidden\" name=\"_wpcf7_container_post\" value=\"0\" \/><input type=\"hidden\" name=\"_wpcf7_posted_data_hash\" value=\"\" \/><input type=\"hidden\" name=\"_wpcf7_recaptcha_response\" value=\"\" \/>\n<\/fieldset>\n<div class=\"well\">\n\t<div class=\"form-horizontal\" action=\"\" method=\"post\">\n\t\t<fieldset>\n\t\t\t<legend class=\"text-center\">Kontakt\n\t\t\t<\/legend>\n\t\t\t<div class=\"form-group\">\n\t\t\t\t<p><label>Ihren Namen:<\/label>\n\t\t\t\t<\/p>\n\t\t\t\t<p><span class=\"wpcf7-form-control-wrap\" data-name=\"your-name\"><input size=\"40\" maxlength=\"400\" class=\"wpcf7-form-control wpcf7-text wpcf7-validates-as-required\" aria-required=\"true\" aria-invalid=\"false\" value=\"\" type=\"text\" name=\"your-name\" \/><\/span>\n\t\t\t\t<\/p>\n\t\t\t<\/div>\n\t\t\t<div class=\"form-group\">\n\t\t\t\t<p><label>Ihre E-mail:<\/label>\n\t\t\t\t<\/p>\n\t\t\t\t<p><span class=\"wpcf7-form-control-wrap\" data-name=\"your-email\"><input size=\"40\" maxlength=\"400\" class=\"wpcf7-form-control wpcf7-email wpcf7-validates-as-required wpcf7-text wpcf7-validates-as-email\" aria-required=\"true\" aria-invalid=\"false\" value=\"\" type=\"email\" name=\"your-email\" \/><\/span>\n\t\t\t\t<\/p>\n\t\t\t<\/div>\n\t\t\t<div class=\"form-group\">\n\t\t\t\t<p><label>Titel:<\/label>\n\t\t\t\t<\/p>\n\t\t\t\t<p><span class=\"wpcf7-form-control-wrap\" data-name=\"your-subject\"><input size=\"40\" maxlength=\"400\" class=\"wpcf7-form-control wpcf7-text\" aria-invalid=\"false\" value=\"\" type=\"text\" name=\"your-subject\" \/><\/span>\n\t\t\t\t<\/p>\n\t\t\t<\/div>\n\t\t\t<div class=\"form-group\">\n\t\t\t\t<p><label>Post:<\/label>\n\t\t\t\t<\/p>\n\t\t\t\t<p><span class=\"wpcf7-form-control-wrap\" data-name=\"your-message\"><textarea cols=\"40\" rows=\"10\" maxlength=\"2000\" class=\"wpcf7-form-control wpcf7-textarea\" aria-invalid=\"false\" name=\"your-message\"><\/textarea><\/span>\n\t\t\t\t<\/p>\n\t\t\t<\/div>\n\t\t\t<p><small>This site is protected by reCAPTCHA and the Google <a href=\"https:\/\/policies.google.com\/privacy\">Privacy Policy<\/a> and <a href=\"https:\/\/policies.google.com\/terms\">Terms of Service<\/a> apply.<\/small>\n\t\t\t<\/p>\n\t\t\t<div class=\"form-group\">\n\t\t\t\t<p><input class=\"wpcf7-form-control wpcf7-submit has-spinner\" type=\"submit\" value=\"Senden\" \/>\n\t\t\t\t<\/p>\n\t\t\t<\/div>\n\t\t<\/fieldset>\n\t<\/div>\n<\/div><div class=\"wpcf7-response-output\" aria-hidden=\"true\"><\/div>\n<\/form>\n<\/div>\n<\/div>\n<\/div>\n<p><\/p>","protected":false},"excerpt":{"rendered":"<p>Hotel Mirni Kutak Oto\u010dac Gornja Dubrava 63, 53 220 Oto\u010dac Lika-senj Regionen Kroatien Tel:+385 (0)53 771 589 Fax:+385 (0)53 771 590 Gsm:+385 (0)91 580 14 03 info@hotel-mirni-kutak.hr Latitude \/ Longitude [&hellip;]<\/p>\n","protected":false},"author":1001008,"featured_media":0,"parent":0,"menu_order":0,"comment_status":"open","ping_status":"open","template":"page-contact.php","meta":{"footnotes":""},"class_list":["post-16","page","type-page","status-publish","hentry"],"_links":{"self":[{"href":"https:\/\/hotel-mirni-kutak.hr\/de\/wp-json\/wp\/v2\/pages\/16","targetHints":{"allow":["GET"]}}],"collection":[{"href":"https:\/\/hotel-mirni-kutak.hr\/de\/wp-json\/wp\/v2\/pages"}],"about":[{"href":"https:\/\/hotel-mirni-kutak.hr\/de\/wp-json\/wp\/v2\/types\/page"}],"author":[{"embeddable":true,"href":"https:\/\/hotel-mirni-kutak.hr\/de\/wp-json\/wp\/v2\/users\/1001008"}],"replies":[{"embeddable":true,"href":"https:\/\/hotel-mirni-kutak.hr\/de\/wp-json\/wp\/v2\/comments?post=16"}],"version-history":[{"count":12,"href":"https:\/\/hotel-mirni-kutak.hr\/de\/wp-json\/wp\/v2\/pages\/16\/revisions"}],"predecessor-version":[{"id":720,"href":"https:\/\/hotel-mirni-kutak.hr\/de\/wp-json\/wp\/v2\/pages\/16\/revisions\/720"}],"wp:attachment":[{"href":"https:\/\/hotel-mirni-kutak.hr\/de\/wp-json\/wp\/v2\/media?parent=16"}],"curies":[{"name":"wp","href":"https:\/\/api.w.org\/{rel}","templated":true}]}}