
{"id":10,"date":"2014-07-11T07:34:13","date_gmt":"2014-07-11T07:34:13","guid":{"rendered":"http:\/\/hotel-mirni-kutak.hr\/?page_id=10"},"modified":"2014-09-02T15:02:11","modified_gmt":"2014-09-02T13:02:11","slug":"izleti","status":"publish","type":"page","link":"https:\/\/hotel-mirni-kutak.hr\/de\/ausfluege\/","title":{"rendered":"Ausfluege"},"content":{"rendered":"<p><\/p>\n<h4><strong>Sportliche aktivit\u00e4ten<\/strong><\/h4>\n<p>Als Liebhaber der Natur, und wir wollen bicklizma Kontakt mit der Natur zu erm\u00f6glichen, bieten wir Ihnen Wanderkarten biciklitsti\u010dih mit Erl\u00e4uterungen von Trends und geheimnisvolle Welt des Nationalparks Nord-Velebit.<\/p>\n<p><img loading=\"lazy\" decoding=\"async\" class=\"alignnone wp-image-357\" src=\"http:\/\/hotel-mirni-kutak.hr\/wp-content\/uploads\/2014\/07\/Cjenik-ger.jpg\" alt=\"Cjenik-ger\" width=\"615\" height=\"461\" srcset=\"https:\/\/hotel-mirni-kutak.hr\/wp-content\/uploads\/2014\/07\/Cjenik-ger.jpg 960w, https:\/\/hotel-mirni-kutak.hr\/wp-content\/uploads\/2014\/07\/Cjenik-ger-300x225.jpg 300w, https:\/\/hotel-mirni-kutak.hr\/wp-content\/uploads\/2014\/07\/Cjenik-ger-640x480.jpg 640w\" sizes=\"auto, (max-width: 615px) 100vw, 615px\" \/><\/p>","protected":false},"excerpt":{"rendered":"<p>Sportliche aktivit\u00e4ten Als Liebhaber der Natur, und wir wollen bicklizma Kontakt mit der Natur zu erm\u00f6glichen, bieten wir Ihnen Wanderkarten biciklitsti\u010dih mit Erl\u00e4uterungen von Trends und geheimnisvolle Welt des Nationalparks [&hellip;]<\/p>\n","protected":false},"author":1001008,"featured_media":0,"parent":0,"menu_order":0,"comment_status":"open","ping_status":"open","template":"","meta":{"footnotes":""},"class_list":["post-10","page","type-page","status-publish","hentry"],"_links":{"self":[{"href":"https:\/\/hotel-mirni-kutak.hr\/de\/wp-json\/wp\/v2\/pages\/10","targetHints":{"allow":["GET"]}}],"collection":[{"href":"https:\/\/hotel-mirni-kutak.hr\/de\/wp-json\/wp\/v2\/pages"}],"about":[{"href":"https:\/\/hotel-mirni-kutak.hr\/de\/wp-json\/wp\/v2\/types\/page"}],"author":[{"embeddable":true,"href":"https:\/\/hotel-mirni-kutak.hr\/de\/wp-json\/wp\/v2\/users\/1001008"}],"replies":[{"embeddable":true,"href":"https:\/\/hotel-mirni-kutak.hr\/de\/wp-json\/wp\/v2\/comments?post=10"}],"version-history":[{"count":5,"href":"https:\/\/hotel-mirni-kutak.hr\/de\/wp-json\/wp\/v2\/pages\/10\/revisions"}],"predecessor-version":[{"id":394,"href":"https:\/\/hotel-mirni-kutak.hr\/de\/wp-json\/wp\/v2\/pages\/10\/revisions\/394"}],"wp:attachment":[{"href":"https:\/\/hotel-mirni-kutak.hr\/de\/wp-json\/wp\/v2\/media?parent=10"}],"curies":[{"name":"wp","href":"https:\/\/api.w.org\/{rel}","templated":true}]}}